{"id":383,"date":"2014-05-21T18:02:16","date_gmt":"2014-05-21T18:02:16","guid":{"rendered":"http:\/\/moddeldis.es\/servicios\/produccion\/"},"modified":"2014-06-10T17:51:45","modified_gmt":"2014-06-10T17:51:45","slug":"production","status":"publish","type":"page","link":"https:\/\/modeldis.es\/fr\/services\/production\/","title":{"rendered":"Production"},"content":{"rendered":"[vc_row][vc_column width=\u00a0\u00bb1\/1&Prime;][vc_column_text]Notre personnel qualifi\u00e9, atelier et machines nous permettent de garantir chaque phase du projet, r\u00e9alisant nos gabarits et pi\u00e8ces de d\u00e9colletage avec un haut standard de qualit\u00e9.<\/p>\n<p><a href=\"http:\/\/modeldis.es\/\/wp-content\/uploads\/2014\/05\/1-1.jpg\" rel=\"wp-prettyPhoto[383]\"><img loading=\"lazy\" decoding=\"async\" class=\"alignnone size-medium wp-image-696\" src=\"http:\/\/modeldis.es\/\/wp-content\/uploads\/2014\/05\/1-1-300x149.jpg\" alt=\"producci\u00f3n\" width=\"300\" height=\"149\" srcset=\"https:\/\/modeldis.es\/wp-content\/uploads\/2014\/05\/1-1-300x149.jpg 300w, https:\/\/modeldis.es\/wp-content\/uploads\/2014\/05\/1-1-1024x510.jpg 1024w\" sizes=\"auto, (max-width: 300px) 100vw, 300px\" \/><\/a>[\/vc_column_text][\/vc_column][\/vc_row]\n","protected":false},"excerpt":{"rendered":"<p>[vc_row][vc_column width=\u00a0\u00bb1\/1&Prime;][vc_column_text]Notre personnel qualifi\u00e9, atelier et machines nous permettent de garantir chaque phase du projet, r\u00e9alisant nos gabarits et pi\u00e8ces de d\u00e9colletage avec un haut standard de qualit\u00e9. [\/vc_column_text][\/vc_column][\/vc_row]<\/p>\n","protected":false},"author":1,"featured_media":0,"parent":377,"menu_order":4,"comment_status":"open","ping_status":"open","template":"page-PageTemplate3.php","meta":{"footnotes":""},"class_list":["post-383","page","type-page","status-publish","hentry"],"_links":{"self":[{"href":"https:\/\/modeldis.es\/fr\/wp-json\/wp\/v2\/pages\/383","targetHints":{"allow":["GET"]}}],"collection":[{"href":"https:\/\/modeldis.es\/fr\/wp-json\/wp\/v2\/pages"}],"about":[{"href":"https:\/\/modeldis.es\/fr\/wp-json\/wp\/v2\/types\/page"}],"author":[{"embeddable":true,"href":"https:\/\/modeldis.es\/fr\/wp-json\/wp\/v2\/users\/1"}],"replies":[{"embeddable":true,"href":"https:\/\/modeldis.es\/fr\/wp-json\/wp\/v2\/comments?post=383"}],"version-history":[{"count":8,"href":"https:\/\/modeldis.es\/fr\/wp-json\/wp\/v2\/pages\/383\/revisions"}],"predecessor-version":[{"id":846,"href":"https:\/\/modeldis.es\/fr\/wp-json\/wp\/v2\/pages\/383\/revisions\/846"}],"up":[{"embeddable":true,"href":"https:\/\/modeldis.es\/fr\/wp-json\/wp\/v2\/pages\/377"}],"wp:attachment":[{"href":"https:\/\/modeldis.es\/fr\/wp-json\/wp\/v2\/media?parent=383"}],"curies":[{"name":"wp","href":"https:\/\/api.w.org\/{rel}","templated":true}]}}