{"id":381,"date":"2014-05-21T18:01:41","date_gmt":"2014-05-21T18:01:41","guid":{"rendered":"http:\/\/moddeldis.es\/servicios\/diseno\/"},"modified":"2014-06-10T17:48:30","modified_gmt":"2014-06-10T17:48:30","slug":"dessin","status":"publish","type":"page","link":"https:\/\/modeldis.es\/fr\/services\/dessin\/","title":{"rendered":"Dessin"},"content":{"rendered":"[vc_row][vc_column width=\u00a0\u00bb1\/1&Prime;][vc_column_text]Nous disposons de syst\u00e8mes de CAD adapt\u00e9s \u00e0 notre activit\u00e9 qui nous permettent d\u2019aborder le dessin d\u2019une mani\u00e8re fiable et rapide. Extensions model, .step, .igs, .dwg, .dxf, etc.[\/vc_column_text][vc_column_text]\n\n\t\t<style type=\"text\/css\">\n\t\t\t#gallery-1 {\n\t\t\t\tmargin: auto;\n\t\t\t}\n\t\t\t#gallery-1 .gallery-item {\n\t\t\t\tfloat: left;\n\t\t\t\tmargin-top: 10px;\n\t\t\t\ttext-align: center;\n\t\t\t\twidth: 33%;\n\t\t\t}\n\t\t\t#gallery-1 img {\n\t\t\t\tborder: 2px solid #cfcfcf;\n\t\t\t}\n\t\t\t#gallery-1 .gallery-caption {\n\t\t\t\tmargin-left: 0;\n\t\t\t}\n\t\t\t\/* see gallery_shortcode() in wp-includes\/media.php *\/\n\t\t<\/style>\n\t\t<div id='gallery-1' class='gallery galleryid-381 gallery-columns-3 gallery-size-thumbnail'><dl class='gallery-item'>\n\t\t\t<dt class='gallery-icon landscape'>\n\t\t\t\t<a rel='wp-prettyPhoto[gallery]' href='https:\/\/modeldis.es\/fr\/services\/dessin\/1-2\/'><img loading=\"lazy\" decoding=\"async\" width=\"150\" height=\"150\" src=\"https:\/\/modeldis.es\/wp-content\/uploads\/2014\/05\/1-150x150.jpg\" class=\"attachment-thumbnail size-thumbnail\" alt=\"\" \/><\/a>\n\t\t\t<\/dt><\/dl><dl class='gallery-item'>\n\t\t\t<dt class='gallery-icon landscape'>\n\t\t\t\t<a rel='wp-prettyPhoto[gallery]' href='https:\/\/modeldis.es\/fr\/services\/dessin\/2-2\/'><img loading=\"lazy\" decoding=\"async\" width=\"150\" height=\"150\" src=\"https:\/\/modeldis.es\/wp-content\/uploads\/2014\/05\/2-150x150.jpg\" class=\"attachment-thumbnail size-thumbnail\" alt=\"\" \/><\/a>\n\t\t\t<\/dt><\/dl><dl class='gallery-item'>\n\t\t\t<dt class='gallery-icon landscape'>\n\t\t\t\t<a rel='wp-prettyPhoto[gallery]' href='https:\/\/modeldis.es\/fr\/services\/dessin\/3-2\/'><img loading=\"lazy\" decoding=\"async\" width=\"150\" height=\"150\" src=\"https:\/\/modeldis.es\/wp-content\/uploads\/2014\/05\/3-150x150.jpg\" class=\"attachment-thumbnail size-thumbnail\" alt=\"\" \/><\/a>\n\t\t\t<\/dt><\/dl><br style=\"clear: both\" \/>\n\t\t<\/div>\n\n[\/vc_column_text][\/vc_column][\/vc_row]\n","protected":false},"excerpt":{"rendered":"<p>[vc_row][vc_column width=\u00a0\u00bb1\/1&Prime;][vc_column_text]Nous disposons de syst\u00e8mes de CAD adapt\u00e9s \u00e0 notre activit\u00e9 qui nous permettent d\u2019aborder le dessin d\u2019une mani\u00e8re fiable et rapide. Extensions model, .step, .igs, .dwg, .dxf, etc.[\/vc_column_text][vc_column_text] [\/vc_column_text][\/vc_column][\/vc_row]<\/p>\n","protected":false},"author":1,"featured_media":0,"parent":377,"menu_order":3,"comment_status":"open","ping_status":"open","template":"page-PageTemplate3.php","meta":{"footnotes":""},"class_list":["post-381","page","type-page","status-publish","hentry"],"_links":{"self":[{"href":"https:\/\/modeldis.es\/fr\/wp-json\/wp\/v2\/pages\/381","targetHints":{"allow":["GET"]}}],"collection":[{"href":"https:\/\/modeldis.es\/fr\/wp-json\/wp\/v2\/pages"}],"about":[{"href":"https:\/\/modeldis.es\/fr\/wp-json\/wp\/v2\/types\/page"}],"author":[{"embeddable":true,"href":"https:\/\/modeldis.es\/fr\/wp-json\/wp\/v2\/users\/1"}],"replies":[{"embeddable":true,"href":"https:\/\/modeldis.es\/fr\/wp-json\/wp\/v2\/comments?post=381"}],"version-history":[{"count":8,"href":"https:\/\/modeldis.es\/fr\/wp-json\/wp\/v2\/pages\/381\/revisions"}],"predecessor-version":[{"id":843,"href":"https:\/\/modeldis.es\/fr\/wp-json\/wp\/v2\/pages\/381\/revisions\/843"}],"up":[{"embeddable":true,"href":"https:\/\/modeldis.es\/fr\/wp-json\/wp\/v2\/pages\/377"}],"wp:attachment":[{"href":"https:\/\/modeldis.es\/fr\/wp-json\/wp\/v2\/media?parent=381"}],"curies":[{"name":"wp","href":"https:\/\/api.w.org\/{rel}","templated":true}]}}