{"id":377,"date":"2014-05-20T17:02:02","date_gmt":"2014-05-20T17:02:02","guid":{"rendered":"http:\/\/moddeldis.es\/servicios-2\/"},"modified":"2014-06-11T10:35:49","modified_gmt":"2014-06-11T10:35:49","slug":"services","status":"publish","type":"page","link":"https:\/\/modeldis.es\/fr\/services\/","title":{"rendered":"Services"},"content":{"rendered":"[vc_row][vc_column width=\u00a0\u00bb1\/3&Prime;][vc_column_text]\n<h2><a href=\"http:\/\/modeldis.es\/\/fr\/services\/dessin\/\">DESSIN.<\/a><\/h2>\n<p>Nous disposons de syst\u00e8mes de CAD adapt\u00e9s \u00e0 notre activit\u00e9 qui nous permettent d\u2019aborder le dessin d\u2019une mani\u00e8re fiable et rapide. Extensions model, .step, .igs, .dwg, .dxf, etc.<\/p>\n<a class=\"read-more-align-left\" href=\"http:\/\/modeldis.es\/\/fr\/services\/dessin\/\" title=\"Saber m\u00e1s..\"><span>Saber m\u00e1s..<\/span> &rarr;<\/a>[\/vc_column_text][\/vc_column][vc_column width=\u00a0\u00bb1\/3&Prime;][vc_column_text]\n<h2><a href=\"http:\/\/modeldis.es\/\/fr\/services\/production\/\">PRODUCTION.<\/a><\/h2>\n<p>Notre personnel qualifi\u00e9, atelier et machines nous permettent de garantir chaque phase du projet, r\u00e9alisant nos gabarits et pi\u00e8ces de d\u00e9colletage avec un haut standard de qualit\u00e9.<br \/>\n<a class=\"read-more-align-left\" href=\"http:\/\/modeldis.es\/\/fr\/services\/production\/\" title=\"Saber m\u00e1s..\"><span>Saber m\u00e1s..<\/span> &rarr;<\/a>[\/vc_column_text][\/vc_column][vc_column width=\u00a0\u00bb1\/3&Prime;][vc_column_text]\n<h2><a href=\"http:\/\/modeldis.es\/\/fr\/services\/certificado\/\">CERTIFICATION.<\/a><\/h2>\n<p>Avec nos machines de mesure tridimensionnelles nous garantissons et certifions la qualit\u00e9 de nos gabarits. Nous disposons d&rsquo;une machine de mesure automatique et un bras 3D.<\/p>\n<a class=\"read-more-align-left\" href=\"http:\/\/modeldis.es\/\/fr\/services\/certificado\/\" title=\"Saber m\u00e1s..\"><span>Saber m\u00e1s..<\/span> &rarr;<\/a>[\/vc_column_text][\/vc_column][\/vc_row]\n","protected":false},"excerpt":{"rendered":"<p>[vc_row][vc_column width=\u00a0\u00bb1\/3&Prime;][vc_column_text] DESSIN. Nous disposons de syst\u00e8mes de CAD adapt\u00e9s \u00e0 notre activit\u00e9 qui nous permettent d\u2019aborder le dessin d\u2019une mani\u00e8re fiable et rapide. Extensions model, .step, .igs, .dwg, .dxf, etc. [\/vc_column_text][\/vc_column][vc_column width=\u00a0\u00bb1\/3&Prime;][vc_column_text] PRODUCTION. Notre personnel qualifi\u00e9, atelier et machines nous permettent de garantir chaque phase du [&hellip;]<\/p>\n","protected":false},"author":1,"featured_media":0,"parent":0,"menu_order":0,"comment_status":"open","ping_status":"closed","template":"page-FullWidth.php","meta":{"footnotes":""},"class_list":["post-377","page","type-page","status-publish","hentry"],"_links":{"self":[{"href":"https:\/\/modeldis.es\/fr\/wp-json\/wp\/v2\/pages\/377","targetHints":{"allow":["GET"]}}],"collection":[{"href":"https:\/\/modeldis.es\/fr\/wp-json\/wp\/v2\/pages"}],"about":[{"href":"https:\/\/modeldis.es\/fr\/wp-json\/wp\/v2\/types\/page"}],"author":[{"embeddable":true,"href":"https:\/\/modeldis.es\/fr\/wp-json\/wp\/v2\/users\/1"}],"replies":[{"embeddable":true,"href":"https:\/\/modeldis.es\/fr\/wp-json\/wp\/v2\/comments?post=377"}],"version-history":[{"count":9,"href":"https:\/\/modeldis.es\/fr\/wp-json\/wp\/v2\/pages\/377\/revisions"}],"predecessor-version":[{"id":866,"href":"https:\/\/modeldis.es\/fr\/wp-json\/wp\/v2\/pages\/377\/revisions\/866"}],"wp:attachment":[{"href":"https:\/\/modeldis.es\/fr\/wp-json\/wp\/v2\/media?parent=377"}],"curies":[{"name":"wp","href":"https:\/\/api.w.org\/{rel}","templated":true}]}}