{"id":375,"date":"2014-05-21T17:45:28","date_gmt":"2014-05-21T17:45:28","guid":{"rendered":"http:\/\/moddeldis.es\/productes\/utiles-de-control\/sistemas-de-escape\/"},"modified":"2014-06-10T16:58:22","modified_gmt":"2014-06-10T16:58:22","slug":"systemes-dechappements","status":"publish","type":"page","link":"https:\/\/modeldis.es\/fr\/produire\/moyens-de-controle\/systemes-dechappements\/","title":{"rendered":"Syst\u00e8mes D&rsquo;\u00e9chappements"},"content":{"rendered":"<p>Gabarit de contr\u00f4le de syst\u00e8me complet, tubes cintr\u00e9es, silencieux, pour contr\u00f4ler la g\u00e9om\u00e9trie et les composants: BRIDES, CATALISATEURS, SILENCIEUX, VALVES et autres.<\/p>\n<div class=\"DOPThumbnailGalleryContainer\" id=\"DOPThumbnailGallery5\">\r\n                                 <a href=\"https:\/\/modeldis.es\/wp-content\/plugins\/doptg\/frontend-ajax.php\" class=\"Settings\"><\/a>\r\n                                 <ul class=\"Content\" style=\"display:none;\"><li>\r\n                                                    <img decoding=\"async\" class=\"Image\" src=\"https:\/\/modeldis.es\/wp-content\/plugins\/doptg\/uploads\/FtYDBLB8Ywg6S2TNzEydYaBC1hQmwy5YHKffDDKT6MQaMdAZChmsNfmTc2ENhxFFP.JPG\" alt=\"\" title=\"\" \/>\r\n                                                    <img decoding=\"async\" class=\"Thumb\" src=\"https:\/\/modeldis.es\/wp-content\/plugins\/doptg\/uploads\/thumbs\/FtYDBLB8Ywg6S2TNzEydYaBC1hQmwy5YHKffDDKT6MQaMdAZChmsNfmTc2ENhxFFP.JPG\" alt=\"\" title=\"\" \/>\r\n                                                    <span class=\"CaptionTitle\"><\/span>\r\n                                                    <span class=\"CaptionText\"><\/span>\r\n                                                    <span class=\"Media\"><\/span>\r\n                                                    <span class=\"LightboxMedia\"><\/span>\r\n                                                 <\/li><li>\r\n                                                    <img decoding=\"async\" class=\"Image\" src=\"https:\/\/modeldis.es\/wp-content\/plugins\/doptg\/uploads\/ryrycKDHkPR3yhdKSFqtm4LDQrhGrnBOSZ356p7EQ8Tx4BkpFskPaCqdR2pMnbBj6.jpg\" alt=\"\" title=\"\" \/>\r\n                                                    <img decoding=\"async\" class=\"Thumb\" src=\"https:\/\/modeldis.es\/wp-content\/plugins\/doptg\/uploads\/thumbs\/ryrycKDHkPR3yhdKSFqtm4LDQrhGrnBOSZ356p7EQ8Tx4BkpFskPaCqdR2pMnbBj6.jpg\" alt=\"\" title=\"\" \/>\r\n                                                    <span class=\"CaptionTitle\"><\/span>\r\n                                                    <span class=\"CaptionText\"><\/span>\r\n                                                    <span class=\"Media\"><\/span>\r\n                                                    <span class=\"LightboxMedia\"><\/span>\r\n                                                 <\/li><li>\r\n                                                    <img decoding=\"async\" class=\"Image\" src=\"https:\/\/modeldis.es\/wp-content\/plugins\/doptg\/uploads\/YcD6xZNESMeYQFRLPDn5hXQQcpRcT6m13skF7H2WpEWSCMwHZb1439FN45Zjx4k8F.jpg\" alt=\"\" title=\"\" \/>\r\n                                                    <img decoding=\"async\" class=\"Thumb\" src=\"https:\/\/modeldis.es\/wp-content\/plugins\/doptg\/uploads\/thumbs\/YcD6xZNESMeYQFRLPDn5hXQQcpRcT6m13skF7H2WpEWSCMwHZb1439FN45Zjx4k8F.jpg\" alt=\"\" title=\"\" \/>\r\n                                                    <span class=\"CaptionTitle\"><\/span>\r\n                                                    <span class=\"CaptionText\"><\/span>\r\n                                                    <span class=\"Media\"><\/span>\r\n                                                    <span class=\"LightboxMedia\"><\/span>\r\n                                                 <\/li><li>\r\n                                                    <img decoding=\"async\" class=\"Image\" src=\"https:\/\/modeldis.es\/wp-content\/plugins\/doptg\/uploads\/P2pDtCDbmrSxe33mYyj1LPM9Sx3fdKLMZy7mhSaATyjP6MXj541aZC94GMzpKBADZ.jpg\" alt=\"\" title=\"\" \/>\r\n                                                    <img decoding=\"async\" class=\"Thumb\" src=\"https:\/\/modeldis.es\/wp-content\/plugins\/doptg\/uploads\/thumbs\/P2pDtCDbmrSxe33mYyj1LPM9Sx3fdKLMZy7mhSaATyjP6MXj541aZC94GMzpKBADZ.jpg\" alt=\"\" title=\"\" \/>\r\n                                                    <span class=\"CaptionTitle\"><\/span>\r\n                                                    <span class=\"CaptionText\"><\/span>\r\n                                                    <span class=\"Media\"><\/span>\r\n                                                    <span class=\"LightboxMedia\"><\/span>\r\n                                                 <\/li><li>\r\n                                                    <img decoding=\"async\" class=\"Image\" src=\"https:\/\/modeldis.es\/wp-content\/plugins\/doptg\/uploads\/DTcbWgEDs4GMAm56BtzzFd6QbY8rWBDsPBMrPPhX3NnYLfwT2SDwQSYCP3mgym4MS.jpg\" alt=\"\" title=\"\" \/>\r\n                                                    <img decoding=\"async\" class=\"Thumb\" src=\"https:\/\/modeldis.es\/wp-content\/plugins\/doptg\/uploads\/thumbs\/DTcbWgEDs4GMAm56BtzzFd6QbY8rWBDsPBMrPPhX3NnYLfwT2SDwQSYCP3mgym4MS.jpg\" alt=\"\" title=\"\" \/>\r\n                                                    <span class=\"CaptionTitle\"><\/span>\r\n                                                    <span class=\"CaptionText\"><\/span>\r\n                                                    <span class=\"Media\"><\/span>\r\n                                                    <span class=\"LightboxMedia\"><\/span>\r\n                                                 <\/li><li>\r\n                                                    <img decoding=\"async\" class=\"Image\" src=\"https:\/\/modeldis.es\/wp-content\/plugins\/doptg\/uploads\/Zaf3kjn6d7Kr1Se8zYksRORxrCbbkdWSQp2MTn3etSgnjsRxp4RxsWQwSOdpTnYRh.jpg\" alt=\"\" title=\"\" \/>\r\n                                                    <img decoding=\"async\" class=\"Thumb\" src=\"https:\/\/modeldis.es\/wp-content\/plugins\/doptg\/uploads\/thumbs\/Zaf3kjn6d7Kr1Se8zYksRORxrCbbkdWSQp2MTn3etSgnjsRxp4RxsWQwSOdpTnYRh.jpg\" alt=\"\" title=\"\" \/>\r\n                                                    <span class=\"CaptionTitle\"><\/span>\r\n                                                    <span class=\"CaptionText\"><\/span>\r\n                                                    <span class=\"Media\"><\/span>\r\n                                                    <span class=\"LightboxMedia\"><\/span>\r\n                                                 <\/li><li>\r\n                                                    <img decoding=\"async\" class=\"Image\" src=\"https:\/\/modeldis.es\/wp-content\/plugins\/doptg\/uploads\/PQhxF9QQ9p2bLFrS8eRZpjD8Rq12d84aRp8Fh3j9ahbLdZqEwbkhwHKTCapn2hyfZ.jpg\" alt=\"\" title=\"\" \/>\r\n                                                    <img decoding=\"async\" class=\"Thumb\" src=\"https:\/\/modeldis.es\/wp-content\/plugins\/doptg\/uploads\/thumbs\/PQhxF9QQ9p2bLFrS8eRZpjD8Rq12d84aRp8Fh3j9ahbLdZqEwbkhwHKTCapn2hyfZ.jpg\" alt=\"\" title=\"\" \/>\r\n                                                    <span class=\"CaptionTitle\"><\/span>\r\n                                                    <span class=\"CaptionText\"><\/span>\r\n                                                    <span class=\"Media\"><\/span>\r\n                                                    <span class=\"LightboxMedia\"><\/span>\r\n                                                 <\/li><li>\r\n                                                    <img decoding=\"async\" class=\"Image\" src=\"https:\/\/modeldis.es\/wp-content\/plugins\/doptg\/uploads\/4gWm7Tt6fwpn7yXZ42z3eYgHf7WpxyeXpLLWRwyNFar6nCFQjtpm9tY7XtL5Cm9gP.jpg\" alt=\"\" title=\"\" \/>\r\n                                                    <img decoding=\"async\" class=\"Thumb\" src=\"https:\/\/modeldis.es\/wp-content\/plugins\/doptg\/uploads\/thumbs\/4gWm7Tt6fwpn7yXZ42z3eYgHf7WpxyeXpLLWRwyNFar6nCFQjtpm9tY7XtL5Cm9gP.jpg\" alt=\"\" title=\"\" \/>\r\n                                                    <span class=\"CaptionTitle\"><\/span>\r\n                                                    <span class=\"CaptionText\"><\/span>\r\n                                                    <span class=\"Media\"><\/span>\r\n                                                    <span class=\"LightboxMedia\"><\/span>\r\n                                                 <\/li><li>\r\n                                                    <img decoding=\"async\" class=\"Image\" src=\"https:\/\/modeldis.es\/wp-content\/plugins\/doptg\/uploads\/pZwWRF2ssc8aeePxPa37sDKBbAhdOqLn7k1SqcknDDhGdMgm29cza7b4ePFsLKSnj.jpg\" alt=\"\" title=\"\" \/>\r\n                                                    <img decoding=\"async\" class=\"Thumb\" src=\"https:\/\/modeldis.es\/wp-content\/plugins\/doptg\/uploads\/thumbs\/pZwWRF2ssc8aeePxPa37sDKBbAhdOqLn7k1SqcknDDhGdMgm29cza7b4ePFsLKSnj.jpg\" alt=\"\" title=\"\" \/>\r\n                                                    <span class=\"CaptionTitle\"><\/span>\r\n                                                    <span class=\"CaptionText\"><\/span>\r\n                                                    <span class=\"Media\"><\/span>\r\n                                                    <span class=\"LightboxMedia\"><\/span>\r\n                                                 <\/li><\/ul>\r\n                             <\/div>\r\n                             <script type=\"text\/JavaScript\">\r\n                                 jQuery(document).ready(function(){\r\n                                     jQuery('#DOPThumbnailGallery5').DOPThumbnailGallery();\r\n                                 });\r\n                             <\/script>\n","protected":false},"excerpt":{"rendered":"<p>Gabarit de contr\u00f4le de syst\u00e8me complet, tubes cintr\u00e9es, silencieux, pour contr\u00f4ler la g\u00e9om\u00e9trie et les composants: BRIDES, CATALISATEURS, SILENCIEUX, VALVES et autres.<\/p>\n","protected":false},"author":1,"featured_media":0,"parent":361,"menu_order":12,"comment_status":"open","ping_status":"closed","template":"page-PageTemplate3.php","meta":{"footnotes":""},"class_list":["post-375","page","type-page","status-publish","hentry"],"_links":{"self":[{"href":"https:\/\/modeldis.es\/fr\/wp-json\/wp\/v2\/pages\/375","targetHints":{"allow":["GET"]}}],"collection":[{"href":"https:\/\/modeldis.es\/fr\/wp-json\/wp\/v2\/pages"}],"about":[{"href":"https:\/\/modeldis.es\/fr\/wp-json\/wp\/v2\/types\/page"}],"author":[{"embeddable":true,"href":"https:\/\/modeldis.es\/fr\/wp-json\/wp\/v2\/users\/1"}],"replies":[{"embeddable":true,"href":"https:\/\/modeldis.es\/fr\/wp-json\/wp\/v2\/comments?post=375"}],"version-history":[{"count":5,"href":"https:\/\/modeldis.es\/fr\/wp-json\/wp\/v2\/pages\/375\/revisions"}],"predecessor-version":[{"id":812,"href":"https:\/\/modeldis.es\/fr\/wp-json\/wp\/v2\/pages\/375\/revisions\/812"}],"up":[{"embeddable":true,"href":"https:\/\/modeldis.es\/fr\/wp-json\/wp\/v2\/pages\/361"}],"wp:attachment":[{"href":"https:\/\/modeldis.es\/fr\/wp-json\/wp\/v2\/media?parent=375"}],"curies":[{"name":"wp","href":"https:\/\/api.w.org\/{rel}","templated":true}]}}