{"id":369,"date":"2014-05-21T17:45:52","date_gmt":"2014-05-21T17:45:52","guid":{"rendered":"http:\/\/moddeldis.es\/productes\/utiles-de-control\/estampacion\/"},"modified":"2014-06-11T14:46:13","modified_gmt":"2014-06-11T14:46:13","slug":"embouts","status":"publish","type":"page","link":"https:\/\/modeldis.es\/fr\/produire\/moyens-de-controle\/embouts\/","title":{"rendered":"Embouts"},"content":{"rendered":"<p>Gabarit de contr\u00f4le pour pi\u00e8ces m\u00e9talliques, contr\u00f4le de la forme, diam\u00e8tres, contour, composants, RPS, P\/NP, clips, \u00e0 travers de attributives ou variables.<\/p>\n","protected":false},"excerpt":{"rendered":"<p>Gabarit de contr\u00f4le pour pi\u00e8ces m\u00e9talliques, contr\u00f4le de la forme, diam\u00e8tres, contour, composants, RPS, P\/NP, clips, \u00e0 travers de attributives ou variables.<\/p>\n","protected":false},"author":1,"featured_media":0,"parent":361,"menu_order":14,"comment_status":"open","ping_status":"closed","template":"page-PageTemplate3.php","meta":{"footnotes":""},"class_list":["post-369","page","type-page","status-publish","hentry"],"_links":{"self":[{"href":"https:\/\/modeldis.es\/fr\/wp-json\/wp\/v2\/pages\/369","targetHints":{"allow":["GET"]}}],"collection":[{"href":"https:\/\/modeldis.es\/fr\/wp-json\/wp\/v2\/pages"}],"about":[{"href":"https:\/\/modeldis.es\/fr\/wp-json\/wp\/v2\/types\/page"}],"author":[{"embeddable":true,"href":"https:\/\/modeldis.es\/fr\/wp-json\/wp\/v2\/users\/1"}],"replies":[{"embeddable":true,"href":"https:\/\/modeldis.es\/fr\/wp-json\/wp\/v2\/comments?post=369"}],"version-history":[{"count":8,"href":"https:\/\/modeldis.es\/fr\/wp-json\/wp\/v2\/pages\/369\/revisions"}],"predecessor-version":[{"id":877,"href":"https:\/\/modeldis.es\/fr\/wp-json\/wp\/v2\/pages\/369\/revisions\/877"}],"up":[{"embeddable":true,"href":"https:\/\/modeldis.es\/fr\/wp-json\/wp\/v2\/pages\/361"}],"wp:attachment":[{"href":"https:\/\/modeldis.es\/fr\/wp-json\/wp\/v2\/media?parent=369"}],"curies":[{"name":"wp","href":"https:\/\/api.w.org\/{rel}","templated":true}]}}