{"id":367,"date":"2014-05-21T17:47:11","date_gmt":"2014-05-21T17:47:11","guid":{"rendered":"http:\/\/moddeldis.es\/productes\/utiles-de-control\/automaticos\/"},"modified":"2014-06-10T17:28:47","modified_gmt":"2014-06-10T17:28:47","slug":"automatises","status":"publish","type":"page","link":"https:\/\/modeldis.es\/fr\/produire\/moyens-de-controle\/automatises\/","title":{"rendered":"Automatis\u00e9s"},"content":{"rendered":"<p>Gabarit de contr\u00f4le automatis\u00e9 pour contr\u00f4ler les composants, \u00e9tanch\u00e9it\u00e9, P\/NP, marquage, R&#038;R, selon les standards du client, rapide et efficace.<\/p>\n<div class=\"DOPThumbnailGalleryContainer\" id=\"DOPThumbnailGallery8\">\r\n                                 <a href=\"https:\/\/modeldis.es\/wp-content\/plugins\/doptg\/frontend-ajax.php\" class=\"Settings\"><\/a>\r\n                                 <ul class=\"Content\" style=\"display:none;\"><li>\r\n                                                    <img decoding=\"async\" class=\"Image\" src=\"https:\/\/modeldis.es\/wp-content\/plugins\/doptg\/uploads\/8MnxLePMzyAPCQW6OZ3rSzcQak6PNSzrTzFBQxEw4c9Lz3rLKb9xsBFMbzp3EHzTL.jpg\" alt=\"\" title=\"\" \/>\r\n                                                    <img decoding=\"async\" class=\"Thumb\" src=\"https:\/\/modeldis.es\/wp-content\/plugins\/doptg\/uploads\/thumbs\/8MnxLePMzyAPCQW6OZ3rSzcQak6PNSzrTzFBQxEw4c9Lz3rLKb9xsBFMbzp3EHzTL.jpg\" alt=\"\" title=\"\" \/>\r\n                                                    <span class=\"CaptionTitle\"><\/span>\r\n                                                    <span class=\"CaptionText\"><\/span>\r\n                                                    <span class=\"Media\"><\/span>\r\n                                                    <span class=\"LightboxMedia\"><\/span>\r\n                                                 <\/li><li>\r\n                                                    <img decoding=\"async\" class=\"Image\" src=\"https:\/\/modeldis.es\/wp-content\/plugins\/doptg\/uploads\/CAbPE8a8dCSqMyL49yb7KShWT8n8DkOHLQYwpr6HwT7BTQSYcWg9ZgLLxwsnP5n7W.jpg\" alt=\"\" title=\"\" \/>\r\n                                                    <img decoding=\"async\" class=\"Thumb\" src=\"https:\/\/modeldis.es\/wp-content\/plugins\/doptg\/uploads\/thumbs\/CAbPE8a8dCSqMyL49yb7KShWT8n8DkOHLQYwpr6HwT7BTQSYcWg9ZgLLxwsnP5n7W.jpg\" alt=\"\" title=\"\" \/>\r\n                                                    <span class=\"CaptionTitle\"><\/span>\r\n                                                    <span class=\"CaptionText\"><\/span>\r\n                                                    <span class=\"Media\"><\/span>\r\n                                                    <span class=\"LightboxMedia\"><\/span>\r\n                                                 <\/li><li>\r\n                                                    <img decoding=\"async\" class=\"Image\" src=\"https:\/\/modeldis.es\/wp-content\/plugins\/doptg\/uploads\/nCYzbGrXOrKELzKrPTEf4QyydeEEtqQ2ddyzT79TY8AQBKcEkTbjtX2gL7GRHQB6X.jpg\" alt=\"\" title=\"\" \/>\r\n                                                    <img decoding=\"async\" class=\"Thumb\" src=\"https:\/\/modeldis.es\/wp-content\/plugins\/doptg\/uploads\/thumbs\/nCYzbGrXOrKELzKrPTEf4QyydeEEtqQ2ddyzT79TY8AQBKcEkTbjtX2gL7GRHQB6X.jpg\" alt=\"\" title=\"\" \/>\r\n                                                    <span class=\"CaptionTitle\"><\/span>\r\n                                                    <span class=\"CaptionText\"><\/span>\r\n                                                    <span class=\"Media\"><\/span>\r\n                                                    <span class=\"LightboxMedia\"><\/span>\r\n                                                 <\/li><li>\r\n                                                    <img decoding=\"async\" class=\"Image\" src=\"https:\/\/modeldis.es\/wp-content\/plugins\/doptg\/uploads\/Q5yqFxtpn4arDGHEpTWPBYgNK3T3SC6yEhRR5KYbAOM3pDwDgpafdNE2Tpkma5hw3.jpg\" alt=\"\" title=\"\" \/>\r\n                                                    <img decoding=\"async\" class=\"Thumb\" src=\"https:\/\/modeldis.es\/wp-content\/plugins\/doptg\/uploads\/thumbs\/Q5yqFxtpn4arDGHEpTWPBYgNK3T3SC6yEhRR5KYbAOM3pDwDgpafdNE2Tpkma5hw3.jpg\" alt=\"\" title=\"\" \/>\r\n                                                    <span class=\"CaptionTitle\"><\/span>\r\n                                                    <span class=\"CaptionText\"><\/span>\r\n                                                    <span class=\"Media\"><\/span>\r\n                                                    <span class=\"LightboxMedia\"><\/span>\r\n                                                 <\/li><li>\r\n                                                    <img decoding=\"async\" class=\"Image\" src=\"https:\/\/modeldis.es\/wp-content\/plugins\/doptg\/uploads\/zSqOTLB8mkFxHNTatmMXwzz9kA7QaRPEnQGZBF4CqDLzAORAC4my3dZtHWEODwx8p.jpg\" alt=\"\" title=\"\" \/>\r\n                                                    <img decoding=\"async\" class=\"Thumb\" src=\"https:\/\/modeldis.es\/wp-content\/plugins\/doptg\/uploads\/thumbs\/zSqOTLB8mkFxHNTatmMXwzz9kA7QaRPEnQGZBF4CqDLzAORAC4my3dZtHWEODwx8p.jpg\" alt=\"\" title=\"\" \/>\r\n                                                    <span class=\"CaptionTitle\"><\/span>\r\n                                                    <span class=\"CaptionText\"><\/span>\r\n                                                    <span class=\"Media\"><\/span>\r\n                                                    <span class=\"LightboxMedia\"><\/span>\r\n                                                 <\/li><li>\r\n                                                    <img decoding=\"async\" class=\"Image\" src=\"https:\/\/modeldis.es\/wp-content\/plugins\/doptg\/uploads\/ey2A8bHwfrxPN9c5KckytNjrKHfjOcQB6dA54FLwF41tDmxx3rXWOGhTWpwf292br.jpg\" alt=\"\" title=\"\" \/>\r\n                                                    <img decoding=\"async\" class=\"Thumb\" src=\"https:\/\/modeldis.es\/wp-content\/plugins\/doptg\/uploads\/thumbs\/ey2A8bHwfrxPN9c5KckytNjrKHfjOcQB6dA54FLwF41tDmxx3rXWOGhTWpwf292br.jpg\" alt=\"\" title=\"\" \/>\r\n                                                    <span class=\"CaptionTitle\"><\/span>\r\n                                                    <span class=\"CaptionText\"><\/span>\r\n                                                    <span class=\"Media\"><\/span>\r\n                                                    <span class=\"LightboxMedia\"><\/span>\r\n                                                 <\/li><li>\r\n                                                    <img decoding=\"async\" class=\"Image\" src=\"https:\/\/modeldis.es\/wp-content\/plugins\/doptg\/uploads\/18yxys9nk6F2Y1kpYg2P5XbR3EsDGZWZkzLtEPHFK3yaZDD2r4qOAkz6TQKLeGSzz.jpg\" alt=\"\" title=\"\" \/>\r\n                                                    <img decoding=\"async\" class=\"Thumb\" src=\"https:\/\/modeldis.es\/wp-content\/plugins\/doptg\/uploads\/thumbs\/18yxys9nk6F2Y1kpYg2P5XbR3EsDGZWZkzLtEPHFK3yaZDD2r4qOAkz6TQKLeGSzz.jpg\" alt=\"\" title=\"\" \/>\r\n                                                    <span class=\"CaptionTitle\"><\/span>\r\n                                                    <span class=\"CaptionText\"><\/span>\r\n                                                    <span class=\"Media\"><\/span>\r\n                                                    <span class=\"LightboxMedia\"><\/span>\r\n                                                 <\/li><li>\r\n                                                    <img decoding=\"async\" class=\"Image\" src=\"https:\/\/modeldis.es\/wp-content\/plugins\/doptg\/uploads\/N7b9yyffMTC3Wx3HAaHGEx4swmZ5k55AKh2fpX4nx7TfwEnq63r637B3qxyNz9fZt.jpg\" alt=\"\" title=\"\" \/>\r\n                                                    <img decoding=\"async\" class=\"Thumb\" src=\"https:\/\/modeldis.es\/wp-content\/plugins\/doptg\/uploads\/thumbs\/N7b9yyffMTC3Wx3HAaHGEx4swmZ5k55AKh2fpX4nx7TfwEnq63r637B3qxyNz9fZt.jpg\" alt=\"\" title=\"\" \/>\r\n                                                    <span class=\"CaptionTitle\"><\/span>\r\n                                                    <span class=\"CaptionText\"><\/span>\r\n                                                    <span class=\"Media\"><\/span>\r\n                                                    <span class=\"LightboxMedia\"><\/span>\r\n                                                 <\/li><li>\r\n                                                    <img decoding=\"async\" class=\"Image\" src=\"https:\/\/modeldis.es\/wp-content\/plugins\/doptg\/uploads\/hth1mfnRDdz8fy5yGtE2BfhwPCRabEXY3DO1c4GzasXpO26MyOQH92zcNjSzWH3Xc.jpg\" alt=\"\" title=\"\" \/>\r\n                                                    <img decoding=\"async\" class=\"Thumb\" src=\"https:\/\/modeldis.es\/wp-content\/plugins\/doptg\/uploads\/thumbs\/hth1mfnRDdz8fy5yGtE2BfhwPCRabEXY3DO1c4GzasXpO26MyOQH92zcNjSzWH3Xc.jpg\" alt=\"\" title=\"\" \/>\r\n                                                    <span class=\"CaptionTitle\"><\/span>\r\n                                                    <span class=\"CaptionText\"><\/span>\r\n                                                    <span class=\"Media\"><\/span>\r\n                                                    <span class=\"LightboxMedia\"><\/span>\r\n                                                 <\/li><li>\r\n                                                    <img decoding=\"async\" class=\"Image\" src=\"https:\/\/modeldis.es\/wp-content\/plugins\/doptg\/uploads\/3ZKsHhsngbbY7q4q1kzP22p721c3EEG6Y3fbF38AxZsEE2sxxGYmRrt9ypwXdQFFa.jpg\" alt=\"\" title=\"\" \/>\r\n                                                    <img decoding=\"async\" class=\"Thumb\" src=\"https:\/\/modeldis.es\/wp-content\/plugins\/doptg\/uploads\/thumbs\/3ZKsHhsngbbY7q4q1kzP22p721c3EEG6Y3fbF38AxZsEE2sxxGYmRrt9ypwXdQFFa.jpg\" alt=\"\" title=\"\" \/>\r\n                                                    <span class=\"CaptionTitle\"><\/span>\r\n                                                    <span class=\"CaptionText\"><\/span>\r\n                                                    <span class=\"Media\"><\/span>\r\n                                                    <span class=\"LightboxMedia\"><\/span>\r\n                                                 <\/li><li>\r\n                                                    <img decoding=\"async\" class=\"Image\" src=\"https:\/\/modeldis.es\/wp-content\/plugins\/doptg\/uploads\/pa79H2sBY1Me4hwrK5EmFDNfP1ONz2DYegs21L1y7zwcRK96Edcyh6rh69YRFXe8x.jpg\" alt=\"\" title=\"\" \/>\r\n                                                    <img decoding=\"async\" class=\"Thumb\" src=\"https:\/\/modeldis.es\/wp-content\/plugins\/doptg\/uploads\/thumbs\/pa79H2sBY1Me4hwrK5EmFDNfP1ONz2DYegs21L1y7zwcRK96Edcyh6rh69YRFXe8x.jpg\" alt=\"\" title=\"\" \/>\r\n                                                    <span class=\"CaptionTitle\"><\/span>\r\n                                                    <span class=\"CaptionText\"><\/span>\r\n                                                    <span class=\"Media\"><\/span>\r\n                                                    <span class=\"LightboxMedia\"><\/span>\r\n                                                 <\/li><li>\r\n                                                    <img decoding=\"async\" class=\"Image\" src=\"https:\/\/modeldis.es\/wp-content\/plugins\/doptg\/uploads\/3fz8Cc353rN83FDxSW78ma1Yt5SEKTBwRM6PpeR5y44Z2S6RzX2F2wTZhhb5wDW1b.jpg\" alt=\"\" title=\"\" \/>\r\n                                                    <img decoding=\"async\" class=\"Thumb\" src=\"https:\/\/modeldis.es\/wp-content\/plugins\/doptg\/uploads\/thumbs\/3fz8Cc353rN83FDxSW78ma1Yt5SEKTBwRM6PpeR5y44Z2S6RzX2F2wTZhhb5wDW1b.jpg\" alt=\"\" title=\"\" \/>\r\n                                                    <span class=\"CaptionTitle\"><\/span>\r\n                                                    <span class=\"CaptionText\"><\/span>\r\n                                                    <span class=\"Media\"><\/span>\r\n                                                    <span class=\"LightboxMedia\"><\/span>\r\n                                                 <\/li><li>\r\n                                                    <img decoding=\"async\" class=\"Image\" src=\"https:\/\/modeldis.es\/wp-content\/plugins\/doptg\/uploads\/jYEc18hST3nHQmWHE8cjKeWxjr46ppCbM6C3yaE3xqSfke8ZE6OrNP9kzgHKSz9g6.jpg\" alt=\"\" title=\"\" \/>\r\n                                                    <img decoding=\"async\" class=\"Thumb\" src=\"https:\/\/modeldis.es\/wp-content\/plugins\/doptg\/uploads\/thumbs\/jYEc18hST3nHQmWHE8cjKeWxjr46ppCbM6C3yaE3xqSfke8ZE6OrNP9kzgHKSz9g6.jpg\" alt=\"\" title=\"\" \/>\r\n                                                    <span class=\"CaptionTitle\"><\/span>\r\n                                                    <span class=\"CaptionText\"><\/span>\r\n                                                    <span class=\"Media\"><\/span>\r\n                                                    <span class=\"LightboxMedia\"><\/span>\r\n                                                 <\/li><li>\r\n                                                    <img decoding=\"async\" class=\"Image\" src=\"https:\/\/modeldis.es\/wp-content\/plugins\/doptg\/uploads\/fbzbCfKqd52YfSpk99Cgpnfz7hB16KhrkPNR8n6aATpbztOW8pxpDE5gxr8EKD2kG.jpg\" alt=\"\" title=\"\" \/>\r\n                                                    <img decoding=\"async\" class=\"Thumb\" src=\"https:\/\/modeldis.es\/wp-content\/plugins\/doptg\/uploads\/thumbs\/fbzbCfKqd52YfSpk99Cgpnfz7hB16KhrkPNR8n6aATpbztOW8pxpDE5gxr8EKD2kG.jpg\" alt=\"\" title=\"\" \/>\r\n                                                    <span class=\"CaptionTitle\"><\/span>\r\n                                                    <span class=\"CaptionText\"><\/span>\r\n                                                    <span class=\"Media\"><\/span>\r\n                                                    <span class=\"LightboxMedia\"><\/span>\r\n                                                 <\/li><li>\r\n                                                    <img decoding=\"async\" class=\"Image\" src=\"https:\/\/modeldis.es\/wp-content\/plugins\/doptg\/uploads\/AzdEKF18r7HMsyph12QfjNwPpY2CGW65A1xGNf6mPwESL3xEk8ysNegmF71Y7Nman.jpg\" alt=\"\" title=\"\" \/>\r\n                                                    <img decoding=\"async\" class=\"Thumb\" src=\"https:\/\/modeldis.es\/wp-content\/plugins\/doptg\/uploads\/thumbs\/AzdEKF18r7HMsyph12QfjNwPpY2CGW65A1xGNf6mPwESL3xEk8ysNegmF71Y7Nman.jpg\" alt=\"\" title=\"\" \/>\r\n                                                    <span class=\"CaptionTitle\"><\/span>\r\n                                                    <span class=\"CaptionText\"><\/span>\r\n                                                    <span class=\"Media\"><\/span>\r\n                                                    <span class=\"LightboxMedia\"><\/span>\r\n                                                 <\/li><li>\r\n                                                    <img decoding=\"async\" class=\"Image\" src=\"https:\/\/modeldis.es\/wp-content\/plugins\/doptg\/uploads\/ymn6aKbDrXn1W12pMXF4OSBnf2XfxyA4Mw7bfYnjf3CcheHHLn8T4NGdxTc9SWs1H.JPG\" alt=\"\" title=\"\" \/>\r\n                                                    <img decoding=\"async\" class=\"Thumb\" src=\"https:\/\/modeldis.es\/wp-content\/plugins\/doptg\/uploads\/thumbs\/ymn6aKbDrXn1W12pMXF4OSBnf2XfxyA4Mw7bfYnjf3CcheHHLn8T4NGdxTc9SWs1H.JPG\" alt=\"\" title=\"\" \/>\r\n                                                    <span class=\"CaptionTitle\"><\/span>\r\n                                                    <span class=\"CaptionText\"><\/span>\r\n                                                    <span class=\"Media\"><\/span>\r\n                                                    <span class=\"LightboxMedia\"><\/span>\r\n                                                 <\/li><\/ul>\r\n                             <\/div>\r\n                             <script type=\"text\/JavaScript\">\r\n                                 jQuery(document).ready(function(){\r\n                                     jQuery('#DOPThumbnailGallery8').DOPThumbnailGallery();\r\n                                 });\r\n                             <\/script>\n","protected":false},"excerpt":{"rendered":"<p>Gabarit de contr\u00f4le automatis\u00e9 pour contr\u00f4ler les composants, \u00e9tanch\u00e9it\u00e9, P\/NP, marquage, R&#038;R, selon les standards du client, rapide et efficace.<\/p>\n","protected":false},"author":1,"featured_media":0,"parent":361,"menu_order":17,"comment_status":"open","ping_status":"closed","template":"page-PageTemplate3.php","meta":{"footnotes":""},"class_list":["post-367","page","type-page","status-publish","hentry"],"_links":{"self":[{"href":"https:\/\/modeldis.es\/fr\/wp-json\/wp\/v2\/pages\/367","targetHints":{"allow":["GET"]}}],"collection":[{"href":"https:\/\/modeldis.es\/fr\/wp-json\/wp\/v2\/pages"}],"about":[{"href":"https:\/\/modeldis.es\/fr\/wp-json\/wp\/v2\/types\/page"}],"author":[{"embeddable":true,"href":"https:\/\/modeldis.es\/fr\/wp-json\/wp\/v2\/users\/1"}],"replies":[{"embeddable":true,"href":"https:\/\/modeldis.es\/fr\/wp-json\/wp\/v2\/comments?post=367"}],"version-history":[{"count":6,"href":"https:\/\/modeldis.es\/fr\/wp-json\/wp\/v2\/pages\/367\/revisions"}],"predecessor-version":[{"id":832,"href":"https:\/\/modeldis.es\/fr\/wp-json\/wp\/v2\/pages\/367\/revisions\/832"}],"up":[{"embeddable":true,"href":"https:\/\/modeldis.es\/fr\/wp-json\/wp\/v2\/pages\/361"}],"wp:attachment":[{"href":"https:\/\/modeldis.es\/fr\/wp-json\/wp\/v2\/media?parent=367"}],"curies":[{"name":"wp","href":"https:\/\/api.w.org\/{rel}","templated":true}]}}