{"id":365,"date":"2014-05-21T17:46:52","date_gmt":"2014-05-21T17:46:52","guid":{"rendered":"http:\/\/moddeldis.es\/productes\/utiles-de-control\/asientos\/"},"modified":"2014-06-10T17:26:03","modified_gmt":"2014-06-10T17:26:03","slug":"sieges","status":"publish","type":"page","link":"https:\/\/modeldis.es\/fr\/produire\/moyens-de-controle\/sieges\/","title":{"rendered":"Si\u00e8ges"},"content":{"rendered":"[vc_row][vc_column width=\u00a0\u00bb1\/1&Prime;][vc_column_text]Gabarits de contr\u00f4le pour si\u00e8ges assembl\u00e9s ou ses composants, contr\u00f4le de la forme, diam\u00e8tres, contour, composants, RPS; P\/NP, clips, \u00e0 travers de attributs ou variables.[\/vc_column_text][\/vc_column][\/vc_row][vc_row][vc_column width=\u00a0\u00bb1\/1&Prime;][vc_column_text]<div class=\"DOPThumbnailGalleryContainer\" id=\"DOPThumbnailGallery2\">\r\n                                 <a href=\"https:\/\/modeldis.es\/wp-content\/plugins\/doptg\/frontend-ajax.php\" class=\"Settings\"><\/a>\r\n                                 <ul class=\"Content\" style=\"display:none;\"><li>\r\n                                                    <img decoding=\"async\" class=\"Image\" src=\"https:\/\/modeldis.es\/wp-content\/plugins\/doptg\/uploads\/jrR3wS4WGANRYWNHF83ED2DD1AfDWQmLGQjwtkOz83WLArrxZerSyt8jqr4GC3nNZ.jpg\" alt=\"\" title=\"\" \/>\r\n                                                    <img decoding=\"async\" class=\"Thumb\" src=\"https:\/\/modeldis.es\/wp-content\/plugins\/doptg\/uploads\/thumbs\/jrR3wS4WGANRYWNHF83ED2DD1AfDWQmLGQjwtkOz83WLArrxZerSyt8jqr4GC3nNZ.jpg\" alt=\"\" title=\"\" \/>\r\n                                                    <span class=\"CaptionTitle\"><\/span>\r\n                                                    <span class=\"CaptionText\"><\/span>\r\n                                                    <span class=\"Media\"><\/span>\r\n                                                    <span class=\"LightboxMedia\"><\/span>\r\n                                                 <\/li><li>\r\n                                                    <img decoding=\"async\" class=\"Image\" src=\"https:\/\/modeldis.es\/wp-content\/plugins\/doptg\/uploads\/r7amgMC3refrEpwZ8XeFq31tEq7RBfyEtxZR1pcBxneybeSeqFhDEEtOtnjXwxdML.JPG\" alt=\"\" title=\"\" \/>\r\n                                                    <img decoding=\"async\" class=\"Thumb\" src=\"https:\/\/modeldis.es\/wp-content\/plugins\/doptg\/uploads\/thumbs\/r7amgMC3refrEpwZ8XeFq31tEq7RBfyEtxZR1pcBxneybeSeqFhDEEtOtnjXwxdML.JPG\" alt=\"\" title=\"\" \/>\r\n                                                    <span class=\"CaptionTitle\"><\/span>\r\n                                                    <span class=\"CaptionText\"><\/span>\r\n                                                    <span class=\"Media\"><\/span>\r\n                                                    <span class=\"LightboxMedia\"><\/span>\r\n                                                 <\/li><li>\r\n                                                    <img decoding=\"async\" class=\"Image\" src=\"https:\/\/modeldis.es\/wp-content\/plugins\/doptg\/uploads\/93rP2rWTqRY8WCrcwz4O9LGR4p37j5LbjX1FbhO8zWFAXTCTrcmwFjT7xyKde6ETz.JPG\" alt=\"\" title=\"\" \/>\r\n                                                    <img decoding=\"async\" class=\"Thumb\" src=\"https:\/\/modeldis.es\/wp-content\/plugins\/doptg\/uploads\/thumbs\/93rP2rWTqRY8WCrcwz4O9LGR4p37j5LbjX1FbhO8zWFAXTCTrcmwFjT7xyKde6ETz.JPG\" alt=\"\" title=\"\" \/>\r\n                                                    <span class=\"CaptionTitle\"><\/span>\r\n                                                    <span class=\"CaptionText\"><\/span>\r\n                                                    <span class=\"Media\"><\/span>\r\n                                                    <span class=\"LightboxMedia\"><\/span>\r\n                                                 <\/li><li>\r\n                                                    <img decoding=\"async\" class=\"Image\" src=\"https:\/\/modeldis.es\/wp-content\/plugins\/doptg\/uploads\/mhjK4kb482Bn6MyCBcTbek7dQXqpaeStRzYs2tGapN3CeSgK6KTwD8fp4FGffTkch.JPG\" alt=\"\" title=\"\" \/>\r\n                                                    <img decoding=\"async\" class=\"Thumb\" src=\"https:\/\/modeldis.es\/wp-content\/plugins\/doptg\/uploads\/thumbs\/mhjK4kb482Bn6MyCBcTbek7dQXqpaeStRzYs2tGapN3CeSgK6KTwD8fp4FGffTkch.JPG\" alt=\"\" title=\"\" \/>\r\n                                                    <span class=\"CaptionTitle\"><\/span>\r\n                                                    <span class=\"CaptionText\"><\/span>\r\n                                                    <span class=\"Media\"><\/span>\r\n                                                    <span class=\"LightboxMedia\"><\/span>\r\n                                                 <\/li><li>\r\n                                                    <img decoding=\"async\" class=\"Image\" src=\"https:\/\/modeldis.es\/wp-content\/plugins\/doptg\/uploads\/d7pXWbyb4FPXbb34MXzOE84KFWKqKf7st8Bk2n1qBc8nbwze7AND725TzXLm6fPOD.JPG\" alt=\"\" title=\"\" \/>\r\n                                                    <img decoding=\"async\" class=\"Thumb\" src=\"https:\/\/modeldis.es\/wp-content\/plugins\/doptg\/uploads\/thumbs\/d7pXWbyb4FPXbb34MXzOE84KFWKqKf7st8Bk2n1qBc8nbwze7AND725TzXLm6fPOD.JPG\" alt=\"\" title=\"\" \/>\r\n                                                    <span class=\"CaptionTitle\"><\/span>\r\n                                                    <span class=\"CaptionText\"><\/span>\r\n                                                    <span class=\"Media\"><\/span>\r\n                                                    <span class=\"LightboxMedia\"><\/span>\r\n                                                 <\/li><li>\r\n                                                    <img decoding=\"async\" class=\"Image\" src=\"https:\/\/modeldis.es\/wp-content\/plugins\/doptg\/uploads\/1ywSC7Eg9OD3WHfSgHDpxfdfYabbWLD8RgaM6k6YfYcM92PpFzY6DXPMcGXXB44MH.jpg\" alt=\"\" title=\"\" \/>\r\n                                                    <img decoding=\"async\" class=\"Thumb\" src=\"https:\/\/modeldis.es\/wp-content\/plugins\/doptg\/uploads\/thumbs\/1ywSC7Eg9OD3WHfSgHDpxfdfYabbWLD8RgaM6k6YfYcM92PpFzY6DXPMcGXXB44MH.jpg\" alt=\"\" title=\"\" \/>\r\n                                                    <span class=\"CaptionTitle\"><\/span>\r\n                                                    <span class=\"CaptionText\"><\/span>\r\n                                                    <span class=\"Media\"><\/span>\r\n                                                    <span class=\"LightboxMedia\"><\/span>\r\n                                                 <\/li><li>\r\n                                                    <img decoding=\"async\" class=\"Image\" src=\"https:\/\/modeldis.es\/wp-content\/plugins\/doptg\/uploads\/TGqZEpj7RFyT8WnBPjN8eDfM5yMfXjSpTG7wAf79Da74jMTX6RCb7QETNKzm5y5C4.jpg\" alt=\"\" title=\"\" \/>\r\n                                                    <img decoding=\"async\" class=\"Thumb\" src=\"https:\/\/modeldis.es\/wp-content\/plugins\/doptg\/uploads\/thumbs\/TGqZEpj7RFyT8WnBPjN8eDfM5yMfXjSpTG7wAf79Da74jMTX6RCb7QETNKzm5y5C4.jpg\" alt=\"\" title=\"\" \/>\r\n                                                    <span class=\"CaptionTitle\"><\/span>\r\n                                                    <span class=\"CaptionText\"><\/span>\r\n                                                    <span class=\"Media\"><\/span>\r\n                                                    <span class=\"LightboxMedia\"><\/span>\r\n                                                 <\/li><li>\r\n                                                    <img decoding=\"async\" class=\"Image\" src=\"https:\/\/modeldis.es\/wp-content\/plugins\/doptg\/uploads\/z6sm9G7Ref2bjNBEdsrXDxq2kb3TLQk3A2GP5YRX2FTYP1BA5kEs1SHh1S5tw4Wbe.jpg\" alt=\"\" title=\"\" \/>\r\n                                                    <img decoding=\"async\" class=\"Thumb\" src=\"https:\/\/modeldis.es\/wp-content\/plugins\/doptg\/uploads\/thumbs\/z6sm9G7Ref2bjNBEdsrXDxq2kb3TLQk3A2GP5YRX2FTYP1BA5kEs1SHh1S5tw4Wbe.jpg\" alt=\"\" title=\"\" \/>\r\n                                                    <span class=\"CaptionTitle\"><\/span>\r\n                                                    <span class=\"CaptionText\"><\/span>\r\n                                                    <span class=\"Media\"><\/span>\r\n                                                    <span class=\"LightboxMedia\"><\/span>\r\n                                                 <\/li><li>\r\n                                                    <img decoding=\"async\" class=\"Image\" src=\"https:\/\/modeldis.es\/wp-content\/plugins\/doptg\/uploads\/OTBXj5kzg9kWH6CsjbfjQ9GKggb7xEpZQP5aQGedxYwkCFPw81aALw7NxTLf3wsSA.jpg\" alt=\"\" title=\"\" \/>\r\n                                                    <img decoding=\"async\" class=\"Thumb\" src=\"https:\/\/modeldis.es\/wp-content\/plugins\/doptg\/uploads\/thumbs\/OTBXj5kzg9kWH6CsjbfjQ9GKggb7xEpZQP5aQGedxYwkCFPw81aALw7NxTLf3wsSA.jpg\" alt=\"\" title=\"\" \/>\r\n                                                    <span class=\"CaptionTitle\"><\/span>\r\n                                                    <span class=\"CaptionText\"><\/span>\r\n                                                    <span class=\"Media\"><\/span>\r\n                                                    <span class=\"LightboxMedia\"><\/span>\r\n                                                 <\/li><li>\r\n                                                    <img decoding=\"async\" class=\"Image\" src=\"https:\/\/modeldis.es\/wp-content\/plugins\/doptg\/uploads\/6nCnLKjrrpmR8A8cjzzQ5G8OLxfqQKXy5aPNLzKQr3m9agHmFsXSGrm3tRszHCDyb.JPG\" alt=\"\" title=\"\" \/>\r\n                                                    <img decoding=\"async\" class=\"Thumb\" src=\"https:\/\/modeldis.es\/wp-content\/plugins\/doptg\/uploads\/thumbs\/6nCnLKjrrpmR8A8cjzzQ5G8OLxfqQKXy5aPNLzKQr3m9agHmFsXSGrm3tRszHCDyb.JPG\" alt=\"\" title=\"\" \/>\r\n                                                    <span class=\"CaptionTitle\"><\/span>\r\n                                                    <span class=\"CaptionText\"><\/span>\r\n                                                    <span class=\"Media\"><\/span>\r\n                                                    <span class=\"LightboxMedia\"><\/span>\r\n                                                 <\/li><li>\r\n                                                    <img decoding=\"async\" class=\"Image\" src=\"https:\/\/modeldis.es\/wp-content\/plugins\/doptg\/uploads\/6rMCw6wW1x9L2aQHEwk7TGr8SBpLWtSy91TGO9C4RjLKzfAShj2wDa2rLEzej5kd9.JPG\" alt=\"\" title=\"\" \/>\r\n                                                    <img decoding=\"async\" class=\"Thumb\" src=\"https:\/\/modeldis.es\/wp-content\/plugins\/doptg\/uploads\/thumbs\/6rMCw6wW1x9L2aQHEwk7TGr8SBpLWtSy91TGO9C4RjLKzfAShj2wDa2rLEzej5kd9.JPG\" alt=\"\" title=\"\" \/>\r\n                                                    <span class=\"CaptionTitle\"><\/span>\r\n                                                    <span class=\"CaptionText\"><\/span>\r\n                                                    <span class=\"Media\"><\/span>\r\n                                                    <span class=\"LightboxMedia\"><\/span>\r\n                                                 <\/li><li>\r\n                                                    <img decoding=\"async\" class=\"Image\" src=\"https:\/\/modeldis.es\/wp-content\/plugins\/doptg\/uploads\/ps93HjCz3McQbWKLEyw5bBNCjjgybH2EnLyOPFknKAXt3SW5tEHh1R6tDEjYE2afq.jpg\" alt=\"\" title=\"\" \/>\r\n                                                    <img decoding=\"async\" class=\"Thumb\" src=\"https:\/\/modeldis.es\/wp-content\/plugins\/doptg\/uploads\/thumbs\/ps93HjCz3McQbWKLEyw5bBNCjjgybH2EnLyOPFknKAXt3SW5tEHh1R6tDEjYE2afq.jpg\" alt=\"\" title=\"\" \/>\r\n                                                    <span class=\"CaptionTitle\"><\/span>\r\n                                                    <span class=\"CaptionText\"><\/span>\r\n                                                    <span class=\"Media\"><\/span>\r\n                                                    <span class=\"LightboxMedia\"><\/span>\r\n                                                 <\/li><\/ul>\r\n                             <\/div>\r\n                             <script type=\"text\/JavaScript\">\r\n                                 jQuery(document).ready(function(){\r\n                                     jQuery('#DOPThumbnailGallery2').DOPThumbnailGallery();\r\n                                 });\r\n                             <\/script>[\/vc_column_text][\/vc_column][\/vc_row]\n","protected":false},"excerpt":{"rendered":"<p>[vc_row][vc_column width=\u00a0\u00bb1\/1&Prime;][vc_column_text]Gabarits de contr\u00f4le pour si\u00e8ges assembl\u00e9s ou ses composants, contr\u00f4le de la forme, diam\u00e8tres, contour, composants, RPS; P\/NP, clips, \u00e0 travers de attributs ou variables.[\/vc_column_text][\/vc_column][\/vc_row][vc_row][vc_column width=\u00a0\u00bb1\/1&Prime;][vc_column_text][\/vc_column_text][\/vc_column][\/vc_row]<\/p>\n","protected":false},"author":1,"featured_media":0,"parent":361,"menu_order":16,"comment_status":"closed","ping_status":"closed","template":"page-PageTemplate3.php","meta":{"footnotes":""},"class_list":["post-365","page","type-page","status-publish","hentry"],"_links":{"self":[{"href":"https:\/\/modeldis.es\/fr\/wp-json\/wp\/v2\/pages\/365","targetHints":{"allow":["GET"]}}],"collection":[{"href":"https:\/\/modeldis.es\/fr\/wp-json\/wp\/v2\/pages"}],"about":[{"href":"https:\/\/modeldis.es\/fr\/wp-json\/wp\/v2\/types\/page"}],"author":[{"embeddable":true,"href":"https:\/\/modeldis.es\/fr\/wp-json\/wp\/v2\/users\/1"}],"replies":[{"embeddable":true,"href":"https:\/\/modeldis.es\/fr\/wp-json\/wp\/v2\/comments?post=365"}],"version-history":[{"count":3,"href":"https:\/\/modeldis.es\/fr\/wp-json\/wp\/v2\/pages\/365\/revisions"}],"predecessor-version":[{"id":827,"href":"https:\/\/modeldis.es\/fr\/wp-json\/wp\/v2\/pages\/365\/revisions\/827"}],"up":[{"embeddable":true,"href":"https:\/\/modeldis.es\/fr\/wp-json\/wp\/v2\/pages\/361"}],"wp:attachment":[{"href":"https:\/\/modeldis.es\/fr\/wp-json\/wp\/v2\/media?parent=365"}],"curies":[{"name":"wp","href":"https:\/\/api.w.org\/{rel}","templated":true}]}}