{"id":363,"date":"2014-05-21T17:44:32","date_gmt":"2014-05-21T17:44:32","guid":{"rendered":"http:\/\/moddeldis.es\/productes\/utiles-de-control\/ac-y-direccion-asistida\/"},"modified":"2014-06-10T16:47:36","modified_gmt":"2014-06-10T16:47:36","slug":"ac-et-direction-assiste","status":"publish","type":"page","link":"https:\/\/modeldis.es\/fr\/produire\/moyens-de-controle\/ac-et-direction-assiste\/","title":{"rendered":"A\/C et direction assist\u00e9"},"content":{"rendered":"[vc_row][vc_column][vc_column_text]Gabarit de contr\u00f4le de cintrage pour v\u00e9rifier le tube seul ou assembl\u00e9, pour contr\u00f4ler la g\u00e9om\u00e9trie et les composants: VALVES, PATTES, CONEXIONS, HOUSSES ET D&rsquo;AUTRE[\/vc_column_text][\/vc_column][\/vc_row][vc_row][vc_column width=\u00a0\u00bb1\/1&Prime;][vc_column_text]<div class=\"DOPThumbnailGalleryContainer\" id=\"DOPThumbnailGallery1\">\r\n                                 <a href=\"https:\/\/modeldis.es\/wp-content\/plugins\/doptg\/frontend-ajax.php\" class=\"Settings\"><\/a>\r\n                                 <ul class=\"Content\" style=\"display:none;\"><li>\r\n                                                    <img decoding=\"async\" class=\"Image\" src=\"https:\/\/modeldis.es\/wp-content\/plugins\/doptg\/uploads\/m9zXspLEdPG9CyQZGNAQMQEzNkdBxmWd6jyYa8D9HTKj1TDQefERrmK9nSC84HxQ1.jpg\" alt=\"\" title=\"\" \/>\r\n                                                    <img decoding=\"async\" class=\"Thumb\" src=\"https:\/\/modeldis.es\/wp-content\/plugins\/doptg\/uploads\/thumbs\/m9zXspLEdPG9CyQZGNAQMQEzNkdBxmWd6jyYa8D9HTKj1TDQefERrmK9nSC84HxQ1.jpg\" alt=\"\" title=\"\" \/>\r\n                                                    <span class=\"CaptionTitle\"><\/span>\r\n                                                    <span class=\"CaptionText\"><\/span>\r\n                                                    <span class=\"Media\"><\/span>\r\n                                                    <span class=\"LightboxMedia\"><\/span>\r\n                                                 <\/li><li>\r\n                                                    <img decoding=\"async\" class=\"Image\" src=\"https:\/\/modeldis.es\/wp-content\/plugins\/doptg\/uploads\/G3cymSX8gbQT76NOxzMf5ytO9MqS3HmYmxyqjcxYkAMTwcW5t6EFM4WdyeQOfZzTW.jpg\" alt=\"\" title=\"\" \/>\r\n                                                    <img decoding=\"async\" class=\"Thumb\" src=\"https:\/\/modeldis.es\/wp-content\/plugins\/doptg\/uploads\/thumbs\/G3cymSX8gbQT76NOxzMf5ytO9MqS3HmYmxyqjcxYkAMTwcW5t6EFM4WdyeQOfZzTW.jpg\" alt=\"\" title=\"\" \/>\r\n                                                    <span class=\"CaptionTitle\"><\/span>\r\n                                                    <span class=\"CaptionText\"><\/span>\r\n                                                    <span class=\"Media\"><\/span>\r\n                                                    <span class=\"LightboxMedia\"><\/span>\r\n                                                 <\/li><li>\r\n                                                    <img decoding=\"async\" class=\"Image\" src=\"https:\/\/modeldis.es\/wp-content\/plugins\/doptg\/uploads\/FnX3xxMFq7xe9qCqpLhnr1Pc6B5eThc4eOGhZFLWkhn35jbOT3czBaWFMTd7127tr.jpg\" alt=\"\" title=\"\" \/>\r\n                                                    <img decoding=\"async\" class=\"Thumb\" src=\"https:\/\/modeldis.es\/wp-content\/plugins\/doptg\/uploads\/thumbs\/FnX3xxMFq7xe9qCqpLhnr1Pc6B5eThc4eOGhZFLWkhn35jbOT3czBaWFMTd7127tr.jpg\" alt=\"\" title=\"\" \/>\r\n                                                    <span class=\"CaptionTitle\"><\/span>\r\n                                                    <span class=\"CaptionText\"><\/span>\r\n                                                    <span class=\"Media\"><\/span>\r\n                                                    <span class=\"LightboxMedia\"><\/span>\r\n                                                 <\/li><li>\r\n                                                    <img decoding=\"async\" class=\"Image\" src=\"https:\/\/modeldis.es\/wp-content\/plugins\/doptg\/uploads\/gfTLcsPCMt4azdYFmP7C42eM6LCL2NLTeKRfZdKESYhxmBOjPApmOSTKkRNMt5aDE.jpg\" alt=\"\" title=\"\" \/>\r\n                                                    <img decoding=\"async\" class=\"Thumb\" src=\"https:\/\/modeldis.es\/wp-content\/plugins\/doptg\/uploads\/thumbs\/gfTLcsPCMt4azdYFmP7C42eM6LCL2NLTeKRfZdKESYhxmBOjPApmOSTKkRNMt5aDE.jpg\" alt=\"\" title=\"\" \/>\r\n                                                    <span class=\"CaptionTitle\"><\/span>\r\n                                                    <span class=\"CaptionText\"><\/span>\r\n                                                    <span class=\"Media\"><\/span>\r\n                                                    <span class=\"LightboxMedia\"><\/span>\r\n                                                 <\/li><li>\r\n                                                    <img decoding=\"async\" class=\"Image\" src=\"https:\/\/modeldis.es\/wp-content\/plugins\/doptg\/uploads\/w9yQ4FHywaW7ADgrPZ5qqAQT6peOdDFwxMDn39BNR7N9ORFEbb23pO2Er5bQ7EqXP.jpg\" alt=\"\" title=\"\" \/>\r\n                                                    <img decoding=\"async\" class=\"Thumb\" src=\"https:\/\/modeldis.es\/wp-content\/plugins\/doptg\/uploads\/thumbs\/w9yQ4FHywaW7ADgrPZ5qqAQT6peOdDFwxMDn39BNR7N9ORFEbb23pO2Er5bQ7EqXP.jpg\" alt=\"\" title=\"\" \/>\r\n                                                    <span class=\"CaptionTitle\"><\/span>\r\n                                                    <span class=\"CaptionText\"><\/span>\r\n                                                    <span class=\"Media\"><\/span>\r\n                                                    <span class=\"LightboxMedia\"><\/span>\r\n                                                 <\/li><li>\r\n                                                    <img decoding=\"async\" class=\"Image\" src=\"https:\/\/modeldis.es\/wp-content\/plugins\/doptg\/uploads\/Qn37rCBPW3gBCTZdgTBEeTFLWLM1A5W1Zc8zNQgNGbMZ6kh3hPam9jYsNrCd33rsT.jpg\" alt=\"\" title=\"\" \/>\r\n                                                    <img decoding=\"async\" class=\"Thumb\" src=\"https:\/\/modeldis.es\/wp-content\/plugins\/doptg\/uploads\/thumbs\/Qn37rCBPW3gBCTZdgTBEeTFLWLM1A5W1Zc8zNQgNGbMZ6kh3hPam9jYsNrCd33rsT.jpg\" alt=\"\" title=\"\" \/>\r\n                                                    <span class=\"CaptionTitle\"><\/span>\r\n                                                    <span class=\"CaptionText\"><\/span>\r\n                                                    <span class=\"Media\"><\/span>\r\n                                                    <span class=\"LightboxMedia\"><\/span>\r\n                                                 <\/li><li>\r\n                                                    <img decoding=\"async\" class=\"Image\" src=\"https:\/\/modeldis.es\/wp-content\/plugins\/doptg\/uploads\/D4BKZg1W5bRHKbkHG5mx6sdYLANgANARfT9AMTBTqS8xbYMPdpy1x9LaZ98G2yB7h.jpg\" alt=\"\" title=\"\" \/>\r\n                                                    <img decoding=\"async\" class=\"Thumb\" src=\"https:\/\/modeldis.es\/wp-content\/plugins\/doptg\/uploads\/thumbs\/D4BKZg1W5bRHKbkHG5mx6sdYLANgANARfT9AMTBTqS8xbYMPdpy1x9LaZ98G2yB7h.jpg\" alt=\"\" title=\"\" \/>\r\n                                                    <span class=\"CaptionTitle\"><\/span>\r\n                                                    <span class=\"CaptionText\"><\/span>\r\n                                                    <span class=\"Media\"><\/span>\r\n                                                    <span class=\"LightboxMedia\"><\/span>\r\n                                                 <\/li><li>\r\n                                                    <img decoding=\"async\" class=\"Image\" src=\"https:\/\/modeldis.es\/wp-content\/plugins\/doptg\/uploads\/dBkZQjkbtjgXnxOd2D2H3BQNaeydkFdZPkdF8tTStZNLytjWHemg2QpRDhjqhSNLd.jpg\" alt=\"\" title=\"\" \/>\r\n                                                    <img decoding=\"async\" class=\"Thumb\" src=\"https:\/\/modeldis.es\/wp-content\/plugins\/doptg\/uploads\/thumbs\/dBkZQjkbtjgXnxOd2D2H3BQNaeydkFdZPkdF8tTStZNLytjWHemg2QpRDhjqhSNLd.jpg\" alt=\"\" title=\"\" \/>\r\n                                                    <span class=\"CaptionTitle\"><\/span>\r\n                                                    <span class=\"CaptionText\"><\/span>\r\n                                                    <span class=\"Media\"><\/span>\r\n                                                    <span class=\"LightboxMedia\"><\/span>\r\n                                                 <\/li><li>\r\n                                                    <img decoding=\"async\" class=\"Image\" src=\"https:\/\/modeldis.es\/wp-content\/plugins\/doptg\/uploads\/C41m8e3sQ5HA2ntzjdMqdXxyjKeNTBwLaqdnbGP5M95OemQH1CP5tszpdFq3dNhpp.jpg\" alt=\"\" title=\"\" \/>\r\n                                                    <img decoding=\"async\" class=\"Thumb\" src=\"https:\/\/modeldis.es\/wp-content\/plugins\/doptg\/uploads\/thumbs\/C41m8e3sQ5HA2ntzjdMqdXxyjKeNTBwLaqdnbGP5M95OemQH1CP5tszpdFq3dNhpp.jpg\" alt=\"\" title=\"\" \/>\r\n                                                    <span class=\"CaptionTitle\"><\/span>\r\n                                                    <span class=\"CaptionText\"><\/span>\r\n                                                    <span class=\"Media\"><\/span>\r\n                                                    <span class=\"LightboxMedia\"><\/span>\r\n                                                 <\/li><li>\r\n                                                    <img decoding=\"async\" class=\"Image\" src=\"https:\/\/modeldis.es\/wp-content\/plugins\/doptg\/uploads\/sNZDyXPrwAT9j8ffxKZStRrsk8PKY1NpaMs4A1ew2PppyegOtR99sLSFbEZcX4t8S.jpg\" alt=\"\" title=\"\" \/>\r\n                                                    <img decoding=\"async\" class=\"Thumb\" src=\"https:\/\/modeldis.es\/wp-content\/plugins\/doptg\/uploads\/thumbs\/sNZDyXPrwAT9j8ffxKZStRrsk8PKY1NpaMs4A1ew2PppyegOtR99sLSFbEZcX4t8S.jpg\" alt=\"\" title=\"\" \/>\r\n                                                    <span class=\"CaptionTitle\"><\/span>\r\n                                                    <span class=\"CaptionText\"><\/span>\r\n                                                    <span class=\"Media\"><\/span>\r\n                                                    <span class=\"LightboxMedia\"><\/span>\r\n                                                 <\/li><li>\r\n                                                    <img decoding=\"async\" class=\"Image\" src=\"https:\/\/modeldis.es\/wp-content\/plugins\/doptg\/uploads\/6tb7RNaNDxynPhgmKhyYDwNQbFYgfCCScATyhBQzSKbQRmgFXsMDZPsnZcHbXBG44.jpg\" alt=\"\" title=\"\" \/>\r\n                                                    <img decoding=\"async\" class=\"Thumb\" src=\"https:\/\/modeldis.es\/wp-content\/plugins\/doptg\/uploads\/thumbs\/6tb7RNaNDxynPhgmKhyYDwNQbFYgfCCScATyhBQzSKbQRmgFXsMDZPsnZcHbXBG44.jpg\" alt=\"\" title=\"\" \/>\r\n                                                    <span class=\"CaptionTitle\"><\/span>\r\n                                                    <span class=\"CaptionText\"><\/span>\r\n                                                    <span class=\"Media\"><\/span>\r\n                                                    <span class=\"LightboxMedia\"><\/span>\r\n                                                 <\/li><li>\r\n                                                    <img decoding=\"async\" class=\"Image\" src=\"https:\/\/modeldis.es\/wp-content\/plugins\/doptg\/uploads\/saSXsBpNqZG4FF9W4YBnqt7ZFEXmZRbTzMACQtNN2nDs4MSWY8Q5epkwH7ns1O8mf.jpg\" alt=\"\" title=\"\" \/>\r\n                                                    <img decoding=\"async\" class=\"Thumb\" src=\"https:\/\/modeldis.es\/wp-content\/plugins\/doptg\/uploads\/thumbs\/saSXsBpNqZG4FF9W4YBnqt7ZFEXmZRbTzMACQtNN2nDs4MSWY8Q5epkwH7ns1O8mf.jpg\" alt=\"\" title=\"\" \/>\r\n                                                    <span class=\"CaptionTitle\"><\/span>\r\n                                                    <span class=\"CaptionText\"><\/span>\r\n                                                    <span class=\"Media\"><\/span>\r\n                                                    <span class=\"LightboxMedia\"><\/span>\r\n                                                 <\/li><li>\r\n                                                    <img decoding=\"async\" class=\"Image\" src=\"https:\/\/modeldis.es\/wp-content\/plugins\/doptg\/uploads\/wDQqs9bskwLBt54fPTMZdcBK5kQqmF33B4d5WnchQQ9Lzq4t4MK5cCjT519sPsRz9.jpg\" alt=\"\" title=\"\" \/>\r\n                                                    <img decoding=\"async\" class=\"Thumb\" src=\"https:\/\/modeldis.es\/wp-content\/plugins\/doptg\/uploads\/thumbs\/wDQqs9bskwLBt54fPTMZdcBK5kQqmF33B4d5WnchQQ9Lzq4t4MK5cCjT519sPsRz9.jpg\" alt=\"\" title=\"\" \/>\r\n                                                    <span class=\"CaptionTitle\"><\/span>\r\n                                                    <span class=\"CaptionText\"><\/span>\r\n                                                    <span class=\"Media\"><\/span>\r\n                                                    <span class=\"LightboxMedia\"><\/span>\r\n                                                 <\/li><li>\r\n                                                    <img decoding=\"async\" class=\"Image\" src=\"https:\/\/modeldis.es\/wp-content\/plugins\/doptg\/uploads\/1seyLPGZxp4CN6ROkHNn82hf4EZmT6zsXcZZwT9RpKyqSry7E8HzZenkn59yXGGaH.jpg\" alt=\"\" title=\"\" \/>\r\n                                                    <img decoding=\"async\" class=\"Thumb\" src=\"https:\/\/modeldis.es\/wp-content\/plugins\/doptg\/uploads\/thumbs\/1seyLPGZxp4CN6ROkHNn82hf4EZmT6zsXcZZwT9RpKyqSry7E8HzZenkn59yXGGaH.jpg\" alt=\"\" title=\"\" \/>\r\n                                                    <span class=\"CaptionTitle\"><\/span>\r\n                                                    <span class=\"CaptionText\"><\/span>\r\n                                                    <span class=\"Media\"><\/span>\r\n                                                    <span class=\"LightboxMedia\"><\/span>\r\n                                                 <\/li><li>\r\n                                                    <img decoding=\"async\" class=\"Image\" src=\"https:\/\/modeldis.es\/wp-content\/plugins\/doptg\/uploads\/6TCHKbTEWbqNhqeT9dM13NqPdnWf8QjWwje152bCajxp4tSYzRbOY6qPdfs4GfhDc.jpg\" alt=\"\" title=\"\" \/>\r\n                                                    <img decoding=\"async\" class=\"Thumb\" src=\"https:\/\/modeldis.es\/wp-content\/plugins\/doptg\/uploads\/thumbs\/6TCHKbTEWbqNhqeT9dM13NqPdnWf8QjWwje152bCajxp4tSYzRbOY6qPdfs4GfhDc.jpg\" alt=\"\" title=\"\" \/>\r\n                                                    <span class=\"CaptionTitle\"><\/span>\r\n                                                    <span class=\"CaptionText\"><\/span>\r\n                                                    <span class=\"Media\"><\/span>\r\n                                                    <span class=\"LightboxMedia\"><\/span>\r\n                                                 <\/li><li>\r\n                                                    <img decoding=\"async\" class=\"Image\" src=\"https:\/\/modeldis.es\/wp-content\/plugins\/doptg\/uploads\/4njyn7gw7XNfT78N7y3ANkO9QekPnEDqGeAKDpS7X1Sd3Gh4cO7cCsmKxTk7HCnfH.jpg\" alt=\"\" title=\"\" \/>\r\n                                                    <img decoding=\"async\" class=\"Thumb\" src=\"https:\/\/modeldis.es\/wp-content\/plugins\/doptg\/uploads\/thumbs\/4njyn7gw7XNfT78N7y3ANkO9QekPnEDqGeAKDpS7X1Sd3Gh4cO7cCsmKxTk7HCnfH.jpg\" alt=\"\" title=\"\" \/>\r\n                                                    <span class=\"CaptionTitle\"><\/span>\r\n                                                    <span class=\"CaptionText\"><\/span>\r\n                                                    <span class=\"Media\"><\/span>\r\n                                                    <span class=\"LightboxMedia\"><\/span>\r\n                                                 <\/li><li>\r\n                                                    <img decoding=\"async\" class=\"Image\" src=\"https:\/\/modeldis.es\/wp-content\/plugins\/doptg\/uploads\/4E8d5Bb634efwjBg9Nrg72WH7AF5fAY55ggGf3sfSKWb6cntpfcfpW6PsQggzfRGc.jpg\" alt=\"\" title=\"\" \/>\r\n                                                    <img decoding=\"async\" class=\"Thumb\" src=\"https:\/\/modeldis.es\/wp-content\/plugins\/doptg\/uploads\/thumbs\/4E8d5Bb634efwjBg9Nrg72WH7AF5fAY55ggGf3sfSKWb6cntpfcfpW6PsQggzfRGc.jpg\" alt=\"\" title=\"\" \/>\r\n                                                    <span class=\"CaptionTitle\"><\/span>\r\n                                                    <span class=\"CaptionText\"><\/span>\r\n                                                    <span class=\"Media\"><\/span>\r\n                                                    <span class=\"LightboxMedia\"><\/span>\r\n                                                 <\/li><li>\r\n                                                    <img decoding=\"async\" class=\"Image\" src=\"https:\/\/modeldis.es\/wp-content\/plugins\/doptg\/uploads\/jn3QY55kPZDfwW4Xs5WLaWtmny9Tqdb6NdB9D72EDOKYLYGY73L5H5PDxcsCcndYa.jpg\" alt=\"\" title=\"\" \/>\r\n                                                    <img decoding=\"async\" class=\"Thumb\" src=\"https:\/\/modeldis.es\/wp-content\/plugins\/doptg\/uploads\/thumbs\/jn3QY55kPZDfwW4Xs5WLaWtmny9Tqdb6NdB9D72EDOKYLYGY73L5H5PDxcsCcndYa.jpg\" alt=\"\" title=\"\" \/>\r\n                                                    <span class=\"CaptionTitle\"><\/span>\r\n                                                    <span class=\"CaptionText\"><\/span>\r\n                                                    <span class=\"Media\"><\/span>\r\n                                                    <span class=\"LightboxMedia\"><\/span>\r\n                                                 <\/li><li>\r\n                                                    <img decoding=\"async\" class=\"Image\" src=\"https:\/\/modeldis.es\/wp-content\/plugins\/doptg\/uploads\/q14EH1hn8tnjHBWcx2WtOHRs4MMM2m6f7Qr4fA6y1LSb9LLmpNtw3QP8f4gSpS98s.jpg\" alt=\"\" title=\"\" \/>\r\n                                                    <img decoding=\"async\" class=\"Thumb\" src=\"https:\/\/modeldis.es\/wp-content\/plugins\/doptg\/uploads\/thumbs\/q14EH1hn8tnjHBWcx2WtOHRs4MMM2m6f7Qr4fA6y1LSb9LLmpNtw3QP8f4gSpS98s.jpg\" alt=\"\" title=\"\" \/>\r\n                                                    <span class=\"CaptionTitle\"><\/span>\r\n                                                    <span class=\"CaptionText\"><\/span>\r\n                                                    <span class=\"Media\"><\/span>\r\n                                                    <span class=\"LightboxMedia\"><\/span>\r\n                                                 <\/li><li>\r\n                                                    <img decoding=\"async\" class=\"Image\" src=\"https:\/\/modeldis.es\/wp-content\/plugins\/doptg\/uploads\/2m62amCKX33SArm8LQ7H2kMSmsTsFZg9OOCEPqqksW9y6qNCxBeCQqSGtfGwjgOZP.jpg\" alt=\"\" title=\"\" \/>\r\n                                                    <img decoding=\"async\" class=\"Thumb\" src=\"https:\/\/modeldis.es\/wp-content\/plugins\/doptg\/uploads\/thumbs\/2m62amCKX33SArm8LQ7H2kMSmsTsFZg9OOCEPqqksW9y6qNCxBeCQqSGtfGwjgOZP.jpg\" alt=\"\" title=\"\" \/>\r\n                                                    <span class=\"CaptionTitle\"><\/span>\r\n                                                    <span class=\"CaptionText\"><\/span>\r\n                                                    <span class=\"Media\"><\/span>\r\n                                                    <span class=\"LightboxMedia\"><\/span>\r\n                                                 <\/li><li>\r\n                                                    <img decoding=\"async\" class=\"Image\" src=\"https:\/\/modeldis.es\/wp-content\/plugins\/doptg\/uploads\/yekakPqszZhDtSTh5Fx5GnhZXQmsqrZ5cwYkRTp9dtZzMmmTdaOd6wp4bqbfgPaxf.JPG\" alt=\"\" title=\"\" \/>\r\n                                                    <img decoding=\"async\" class=\"Thumb\" src=\"https:\/\/modeldis.es\/wp-content\/plugins\/doptg\/uploads\/thumbs\/yekakPqszZhDtSTh5Fx5GnhZXQmsqrZ5cwYkRTp9dtZzMmmTdaOd6wp4bqbfgPaxf.JPG\" alt=\"\" title=\"\" \/>\r\n                                                    <span class=\"CaptionTitle\"><\/span>\r\n                                                    <span class=\"CaptionText\"><\/span>\r\n                                                    <span class=\"Media\"><\/span>\r\n                                                    <span class=\"LightboxMedia\"><\/span>\r\n                                                 <\/li><li>\r\n                                                    <img decoding=\"async\" class=\"Image\" src=\"https:\/\/modeldis.es\/wp-content\/plugins\/doptg\/uploads\/dP5SD75eCn18HOrAfemNYkPh5SRgaN1hzP8TW2CWz7BkG6fq2NyspMbOpLPCn1qwh.jpg\" alt=\"\" title=\"\" \/>\r\n                                                    <img decoding=\"async\" class=\"Thumb\" src=\"https:\/\/modeldis.es\/wp-content\/plugins\/doptg\/uploads\/thumbs\/dP5SD75eCn18HOrAfemNYkPh5SRgaN1hzP8TW2CWz7BkG6fq2NyspMbOpLPCn1qwh.jpg\" alt=\"\" title=\"\" \/>\r\n                                                    <span class=\"CaptionTitle\"><\/span>\r\n                                                    <span class=\"CaptionText\"><\/span>\r\n                                                    <span class=\"Media\"><\/span>\r\n                                                    <span class=\"LightboxMedia\"><\/span>\r\n                                                 <\/li><\/ul>\r\n                             <\/div>\r\n                             <script type=\"text\/JavaScript\">\r\n                                 jQuery(document).ready(function(){\r\n                                     jQuery('#DOPThumbnailGallery1').DOPThumbnailGallery();\r\n                                 });\r\n                             <\/script>[\/vc_column_text][\/vc_column][\/vc_row]\n","protected":false},"excerpt":{"rendered":"<p>[vc_row][vc_column][vc_column_text]Gabarit de contr\u00f4le de cintrage pour v\u00e9rifier le tube seul ou assembl\u00e9, pour contr\u00f4ler la g\u00e9om\u00e9trie et les composants: VALVES, PATTES, CONEXIONS, HOUSSES ET D&rsquo;AUTRE[\/vc_column_text][\/vc_column][\/vc_row][vc_row][vc_column width=\u00a0\u00bb1\/1&Prime;][vc_column_text][\/vc_column_text][\/vc_column][\/vc_row]<\/p>\n","protected":false},"author":1,"featured_media":0,"parent":361,"menu_order":10,"comment_status":"open","ping_status":"closed","template":"page-PageTemplate3.php","meta":{"footnotes":""},"class_list":["post-363","page","type-page","status-publish","hentry"],"_links":{"self":[{"href":"https:\/\/modeldis.es\/fr\/wp-json\/wp\/v2\/pages\/363","targetHints":{"allow":["GET"]}}],"collection":[{"href":"https:\/\/modeldis.es\/fr\/wp-json\/wp\/v2\/pages"}],"about":[{"href":"https:\/\/modeldis.es\/fr\/wp-json\/wp\/v2\/types\/page"}],"author":[{"embeddable":true,"href":"https:\/\/modeldis.es\/fr\/wp-json\/wp\/v2\/users\/1"}],"replies":[{"embeddable":true,"href":"https:\/\/modeldis.es\/fr\/wp-json\/wp\/v2\/comments?post=363"}],"version-history":[{"count":4,"href":"https:\/\/modeldis.es\/fr\/wp-json\/wp\/v2\/pages\/363\/revisions"}],"predecessor-version":[{"id":804,"href":"https:\/\/modeldis.es\/fr\/wp-json\/wp\/v2\/pages\/363\/revisions\/804"}],"up":[{"embeddable":true,"href":"https:\/\/modeldis.es\/fr\/wp-json\/wp\/v2\/pages\/361"}],"wp:attachment":[{"href":"https:\/\/modeldis.es\/fr\/wp-json\/wp\/v2\/media?parent=363"}],"curies":[{"name":"wp","href":"https:\/\/api.w.org\/{rel}","templated":true}]}}