{"id":361,"date":"2014-05-21T11:11:40","date_gmt":"2014-05-21T11:11:40","guid":{"rendered":"http:\/\/moddeldis.es\/productes\/utiles-de-control\/"},"modified":"2014-06-10T16:44:10","modified_gmt":"2014-06-10T16:44:10","slug":"moyens-de-controle","status":"publish","type":"page","link":"https:\/\/modeldis.es\/fr\/produire\/moyens-de-controle\/","title":{"rendered":"Moyens de Contr\u00f4le"},"content":{"rendered":"<h3>GABARITS DE CONTR\u00d4LE=EFFICACIT\u00c9, RAPIDIT\u00c9, SOLIDIT\u00c9 ET MANIABILITE, PRIX\u00a0OPTIMIS\u00c9.<\/h3>\n<p>Les gabarits sont fabriqu\u00e9s en Aluminium de haute qualit\u00e9, Acier, R\u00e9sines ou avec d&rsquo;autres mat\u00e9riaux selon les exigences du client ou du projet, qui vous permettra de les disposer \u00e0c\u00f4t\u00e9 de la ligne de production, \u00e9vitant ainsi les d\u00e9placements de personnel..<\/p>\n","protected":false},"excerpt":{"rendered":"<p>GABARITS DE CONTR\u00d4LE=EFFICACIT\u00c9, RAPIDIT\u00c9, SOLIDIT\u00c9 ET MANIABILITE, PRIX\u00a0OPTIMIS\u00c9. Les gabarits sont fabriqu\u00e9s en Aluminium de haute qualit\u00e9, Acier, R\u00e9sines ou avec d&rsquo;autres mat\u00e9riaux selon les exigences du client ou du projet, qui vous permettra de les disposer \u00e0c\u00f4t\u00e9 de la ligne de production, \u00e9vitant ainsi les d\u00e9placements [&hellip;]<\/p>\n","protected":false},"author":1,"featured_media":0,"parent":312,"menu_order":1,"comment_status":"open","ping_status":"open","template":"page-PageTemplate2.php","meta":{"footnotes":""},"class_list":["post-361","page","type-page","status-publish","hentry"],"_links":{"self":[{"href":"https:\/\/modeldis.es\/fr\/wp-json\/wp\/v2\/pages\/361","targetHints":{"allow":["GET"]}}],"collection":[{"href":"https:\/\/modeldis.es\/fr\/wp-json\/wp\/v2\/pages"}],"about":[{"href":"https:\/\/modeldis.es\/fr\/wp-json\/wp\/v2\/types\/page"}],"author":[{"embeddable":true,"href":"https:\/\/modeldis.es\/fr\/wp-json\/wp\/v2\/users\/1"}],"replies":[{"embeddable":true,"href":"https:\/\/modeldis.es\/fr\/wp-json\/wp\/v2\/comments?post=361"}],"version-history":[{"count":5,"href":"https:\/\/modeldis.es\/fr\/wp-json\/wp\/v2\/pages\/361\/revisions"}],"predecessor-version":[{"id":800,"href":"https:\/\/modeldis.es\/fr\/wp-json\/wp\/v2\/pages\/361\/revisions\/800"}],"up":[{"embeddable":true,"href":"https:\/\/modeldis.es\/fr\/wp-json\/wp\/v2\/pages\/312"}],"wp:attachment":[{"href":"https:\/\/modeldis.es\/fr\/wp-json\/wp\/v2\/media?parent=361"}],"curies":[{"name":"wp","href":"https:\/\/api.w.org\/{rel}","templated":true}]}}