{"id":346,"date":"2014-06-02T08:25:20","date_gmt":"2014-06-02T08:25:20","guid":{"rendered":"http:\/\/moddeldis.es\/?page_id=346"},"modified":"2014-06-10T17:37:24","modified_gmt":"2014-06-10T17:37:24","slug":"climatisation","status":"publish","type":"page","link":"https:\/\/modeldis.es\/fr\/produire\/distribution\/climatisation\/","title":{"rendered":"Climatisation"},"content":{"rendered":"<p>Composants pour <strong>traitement d&rsquo;air:<\/strong> air conditionn\u00e9, chemin\u00e9es, po\u00eale, chauffage au gaz, \u00e9lectrique ou biomasse. Comme des TUYAUX, R\u00c9SISTANCES, VALVES, RACCORDS, etc\u2026<\/p>\n<div class=\"DOPThumbnailGalleryContainer\" id=\"DOPThumbnailGallery10\">\r\n                                 <a href=\"https:\/\/modeldis.es\/wp-content\/plugins\/doptg\/frontend-ajax.php\" class=\"Settings\"><\/a>\r\n                                 <ul class=\"Content\" style=\"display:none;\"><li>\r\n                                                    <img decoding=\"async\" class=\"Image\" src=\"https:\/\/modeldis.es\/wp-content\/plugins\/doptg\/uploads\/PbKq8kO9CSnsp6x9s3D6n9pwf3afPM5XW79W9QOfeWM19SGdN2saD5Zw1b313HYYf.jpg\" alt=\"\" title=\"\" \/>\r\n                                                    <img decoding=\"async\" class=\"Thumb\" src=\"https:\/\/modeldis.es\/wp-content\/plugins\/doptg\/uploads\/thumbs\/PbKq8kO9CSnsp6x9s3D6n9pwf3afPM5XW79W9QOfeWM19SGdN2saD5Zw1b313HYYf.jpg\" alt=\"\" title=\"\" \/>\r\n                                                    <span class=\"CaptionTitle\"><\/span>\r\n                                                    <span class=\"CaptionText\"><\/span>\r\n                                                    <span class=\"Media\"><\/span>\r\n                                                    <span class=\"LightboxMedia\"><\/span>\r\n                                                 <\/li><li>\r\n                                                    <img decoding=\"async\" class=\"Image\" src=\"https:\/\/modeldis.es\/wp-content\/plugins\/doptg\/uploads\/HCcCbcsgQH75exFHxLLmmQw6ehHKLmgtsc5L15yRZMBXfqL8A6FHqSbSBZNLrxd3M.jpg\" alt=\"\" title=\"\" \/>\r\n                                                    <img decoding=\"async\" class=\"Thumb\" src=\"https:\/\/modeldis.es\/wp-content\/plugins\/doptg\/uploads\/thumbs\/HCcCbcsgQH75exFHxLLmmQw6ehHKLmgtsc5L15yRZMBXfqL8A6FHqSbSBZNLrxd3M.jpg\" alt=\"\" title=\"\" \/>\r\n                                                    <span class=\"CaptionTitle\"><\/span>\r\n                                                    <span class=\"CaptionText\"><\/span>\r\n                                                    <span class=\"Media\"><\/span>\r\n                                                    <span class=\"LightboxMedia\"><\/span>\r\n                                                 <\/li><li>\r\n                                                    <img decoding=\"async\" class=\"Image\" src=\"https:\/\/modeldis.es\/wp-content\/plugins\/doptg\/uploads\/rnBcOha5TOwwFsBgO22rbBAbh985jmKRZAfRP3X6gChCmO76jxtCCAODSdg4GtfmT.jpg\" alt=\"\" title=\"\" \/>\r\n                                                    <img decoding=\"async\" class=\"Thumb\" src=\"https:\/\/modeldis.es\/wp-content\/plugins\/doptg\/uploads\/thumbs\/rnBcOha5TOwwFsBgO22rbBAbh985jmKRZAfRP3X6gChCmO76jxtCCAODSdg4GtfmT.jpg\" alt=\"\" title=\"\" \/>\r\n                                                    <span class=\"CaptionTitle\"><\/span>\r\n                                                    <span class=\"CaptionText\"><\/span>\r\n                                                    <span class=\"Media\"><\/span>\r\n                                                    <span class=\"LightboxMedia\"><\/span>\r\n                                                 <\/li><li>\r\n                                                    <img decoding=\"async\" class=\"Image\" src=\"https:\/\/modeldis.es\/wp-content\/plugins\/doptg\/uploads\/KBBdbO9ke7CHzhXRBAFAsRPRYWZ6YF8LOqXxdK36y7Rrr8FXfEfQQmTnk92QcWQkh.JPG\" alt=\"\" title=\"\" \/>\r\n                                                    <img decoding=\"async\" class=\"Thumb\" src=\"https:\/\/modeldis.es\/wp-content\/plugins\/doptg\/uploads\/thumbs\/KBBdbO9ke7CHzhXRBAFAsRPRYWZ6YF8LOqXxdK36y7Rrr8FXfEfQQmTnk92QcWQkh.JPG\" alt=\"\" title=\"\" \/>\r\n                                                    <span class=\"CaptionTitle\"><\/span>\r\n                                                    <span class=\"CaptionText\"><\/span>\r\n                                                    <span class=\"Media\"><\/span>\r\n                                                    <span class=\"LightboxMedia\"><\/span>\r\n                                                 <\/li><li>\r\n                                                    <img decoding=\"async\" class=\"Image\" src=\"https:\/\/modeldis.es\/wp-content\/plugins\/doptg\/uploads\/m1CRhRDwd8ASa8PGcfAdfmrDkq9ydB5RKbp2zzHGD7ORZPB6ftx1QKY5gSmmHBqMR.JPG\" alt=\"\" title=\"\" \/>\r\n                                                    <img decoding=\"async\" class=\"Thumb\" src=\"https:\/\/modeldis.es\/wp-content\/plugins\/doptg\/uploads\/thumbs\/m1CRhRDwd8ASa8PGcfAdfmrDkq9ydB5RKbp2zzHGD7ORZPB6ftx1QKY5gSmmHBqMR.JPG\" alt=\"\" title=\"\" \/>\r\n                                                    <span class=\"CaptionTitle\"><\/span>\r\n                                                    <span class=\"CaptionText\"><\/span>\r\n                                                    <span class=\"Media\"><\/span>\r\n                                                    <span class=\"LightboxMedia\"><\/span>\r\n                                                 <\/li><li>\r\n                                                    <img decoding=\"async\" class=\"Image\" src=\"https:\/\/modeldis.es\/wp-content\/plugins\/doptg\/uploads\/qMYcgP8yOOfmxc3a9SBcENSKzRcYMLn4QNS6486L4dYBt27bmCXs25egpqOA3mKHh.jpg\" alt=\"\" title=\"\" \/>\r\n                                                    <img decoding=\"async\" class=\"Thumb\" src=\"https:\/\/modeldis.es\/wp-content\/plugins\/doptg\/uploads\/thumbs\/qMYcgP8yOOfmxc3a9SBcENSKzRcYMLn4QNS6486L4dYBt27bmCXs25egpqOA3mKHh.jpg\" alt=\"\" title=\"\" \/>\r\n                                                    <span class=\"CaptionTitle\"><\/span>\r\n                                                    <span class=\"CaptionText\"><\/span>\r\n                                                    <span class=\"Media\"><\/span>\r\n                                                    <span class=\"LightboxMedia\"><\/span>\r\n                                                 <\/li><li>\r\n                                                    <img decoding=\"async\" class=\"Image\" src=\"https:\/\/modeldis.es\/wp-content\/plugins\/doptg\/uploads\/G4tHpEsPrtXmR4eBcrwG9FO8q9DjNz2cd8PMjdRdq6naL1R3PE9X9LMBQp9cxSKDA.jpg\" alt=\"\" title=\"\" \/>\r\n                                                    <img decoding=\"async\" class=\"Thumb\" src=\"https:\/\/modeldis.es\/wp-content\/plugins\/doptg\/uploads\/thumbs\/G4tHpEsPrtXmR4eBcrwG9FO8q9DjNz2cd8PMjdRdq6naL1R3PE9X9LMBQp9cxSKDA.jpg\" alt=\"\" title=\"\" \/>\r\n                                                    <span class=\"CaptionTitle\"><\/span>\r\n                                                    <span class=\"CaptionText\"><\/span>\r\n                                                    <span class=\"Media\"><\/span>\r\n                                                    <span class=\"LightboxMedia\"><\/span>\r\n                                                 <\/li><li>\r\n                                                    <img decoding=\"async\" class=\"Image\" src=\"https:\/\/modeldis.es\/wp-content\/plugins\/doptg\/uploads\/sSRXsxZM5TaKg33QAO4TAZSG1yD1AWmAWwMXs392Yj7a5dXh9tprrkmLt7bfswpSG.JPG\" alt=\"\" title=\"\" \/>\r\n                                                    <img decoding=\"async\" class=\"Thumb\" src=\"https:\/\/modeldis.es\/wp-content\/plugins\/doptg\/uploads\/thumbs\/sSRXsxZM5TaKg33QAO4TAZSG1yD1AWmAWwMXs392Yj7a5dXh9tprrkmLt7bfswpSG.JPG\" alt=\"\" title=\"\" \/>\r\n                                                    <span class=\"CaptionTitle\"><\/span>\r\n                                                    <span class=\"CaptionText\"><\/span>\r\n                                                    <span class=\"Media\"><\/span>\r\n                                                    <span class=\"LightboxMedia\"><\/span>\r\n                                                 <\/li><li>\r\n                                                    <img decoding=\"async\" class=\"Image\" src=\"https:\/\/modeldis.es\/wp-content\/plugins\/doptg\/uploads\/xa5Yb6pYF4BpdqddP4a95WwWgFz99pCRS9DSQLtXCYN5Rgtf5fqm7WyzA87ak1NTa.jpg\" alt=\"\" title=\"\" \/>\r\n                                                    <img decoding=\"async\" class=\"Thumb\" src=\"https:\/\/modeldis.es\/wp-content\/plugins\/doptg\/uploads\/thumbs\/xa5Yb6pYF4BpdqddP4a95WwWgFz99pCRS9DSQLtXCYN5Rgtf5fqm7WyzA87ak1NTa.jpg\" alt=\"\" title=\"\" \/>\r\n                                                    <span class=\"CaptionTitle\"><\/span>\r\n                                                    <span class=\"CaptionText\"><\/span>\r\n                                                    <span class=\"Media\"><\/span>\r\n                                                    <span class=\"LightboxMedia\"><\/span>\r\n                                                 <\/li><li>\r\n                                                    <img decoding=\"async\" class=\"Image\" src=\"https:\/\/modeldis.es\/wp-content\/plugins\/doptg\/uploads\/QscpqD1pF1SO5gMdwmE6EKZxBqhdRdTSRwAcSWxBcja7KpKP6BdTBNFeHWAdAj6fE.jpg\" alt=\"\" title=\"\" \/>\r\n                                                    <img decoding=\"async\" class=\"Thumb\" src=\"https:\/\/modeldis.es\/wp-content\/plugins\/doptg\/uploads\/thumbs\/QscpqD1pF1SO5gMdwmE6EKZxBqhdRdTSRwAcSWxBcja7KpKP6BdTBNFeHWAdAj6fE.jpg\" alt=\"\" title=\"\" \/>\r\n                                                    <span class=\"CaptionTitle\"><\/span>\r\n                                                    <span class=\"CaptionText\"><\/span>\r\n                                                    <span class=\"Media\"><\/span>\r\n                                                    <span class=\"LightboxMedia\"><\/span>\r\n                                                 <\/li><li>\r\n                                                    <img decoding=\"async\" class=\"Image\" src=\"https:\/\/modeldis.es\/wp-content\/plugins\/doptg\/uploads\/sjdEryOgQ8pKXqTs8PWO4stZ7e5t1AHkDe2YpFZd7S2H4646KEnE5sRDPAqdFH2wY.jpg\" alt=\"\" title=\"\" \/>\r\n                                                    <img decoding=\"async\" class=\"Thumb\" src=\"https:\/\/modeldis.es\/wp-content\/plugins\/doptg\/uploads\/thumbs\/sjdEryOgQ8pKXqTs8PWO4stZ7e5t1AHkDe2YpFZd7S2H4646KEnE5sRDPAqdFH2wY.jpg\" alt=\"\" title=\"\" \/>\r\n                                                    <span class=\"CaptionTitle\"><\/span>\r\n                                                    <span class=\"CaptionText\"><\/span>\r\n                                                    <span class=\"Media\"><\/span>\r\n                                                    <span class=\"LightboxMedia\"><\/span>\r\n                                                 <\/li><li>\r\n                                                    <img decoding=\"async\" class=\"Image\" src=\"https:\/\/modeldis.es\/wp-content\/plugins\/doptg\/uploads\/t1SGMGmY73bPeZarfMhKY5fhQFAhQfQetBW9zcF4b5S1fTa9j84wPbb3EcmyfSSpc.JPG\" alt=\"\" title=\"\" \/>\r\n                                                    <img decoding=\"async\" class=\"Thumb\" src=\"https:\/\/modeldis.es\/wp-content\/plugins\/doptg\/uploads\/thumbs\/t1SGMGmY73bPeZarfMhKY5fhQFAhQfQetBW9zcF4b5S1fTa9j84wPbb3EcmyfSSpc.JPG\" alt=\"\" title=\"\" \/>\r\n                                                    <span class=\"CaptionTitle\"><\/span>\r\n                                                    <span class=\"CaptionText\"><\/span>\r\n                                                    <span class=\"Media\"><\/span>\r\n                                                    <span class=\"LightboxMedia\"><\/span>\r\n                                                 <\/li><\/ul>\r\n                             <\/div>\r\n                             <script type=\"text\/JavaScript\">\r\n                                 jQuery(document).ready(function(){\r\n                                     jQuery('#DOPThumbnailGallery10').DOPThumbnailGallery();\r\n                                 });\r\n                             <\/script>\n","protected":false},"excerpt":{"rendered":"<p>Composants pour traitement d&rsquo;air: air conditionn\u00e9, chemin\u00e9es, po\u00eale, chauffage au gaz, \u00e9lectrique ou biomasse. Comme des TUYAUX, R\u00c9SISTANCES, VALVES, RACCORDS, etc\u2026<\/p>\n","protected":false},"author":1,"featured_media":0,"parent":316,"menu_order":23,"comment_status":"open","ping_status":"closed","template":"page-PageTemplate3.php","meta":{"footnotes":""},"class_list":["post-346","page","type-page","status-publish","hentry"],"_links":{"self":[{"href":"https:\/\/modeldis.es\/fr\/wp-json\/wp\/v2\/pages\/346","targetHints":{"allow":["GET"]}}],"collection":[{"href":"https:\/\/modeldis.es\/fr\/wp-json\/wp\/v2\/pages"}],"about":[{"href":"https:\/\/modeldis.es\/fr\/wp-json\/wp\/v2\/types\/page"}],"author":[{"embeddable":true,"href":"https:\/\/modeldis.es\/fr\/wp-json\/wp\/v2\/users\/1"}],"replies":[{"embeddable":true,"href":"https:\/\/modeldis.es\/fr\/wp-json\/wp\/v2\/comments?post=346"}],"version-history":[{"count":4,"href":"https:\/\/modeldis.es\/fr\/wp-json\/wp\/v2\/pages\/346\/revisions"}],"predecessor-version":[{"id":835,"href":"https:\/\/modeldis.es\/fr\/wp-json\/wp\/v2\/pages\/346\/revisions\/835"}],"up":[{"embeddable":true,"href":"https:\/\/modeldis.es\/fr\/wp-json\/wp\/v2\/pages\/316"}],"wp:attachment":[{"href":"https:\/\/modeldis.es\/fr\/wp-json\/wp\/v2\/media?parent=346"}],"curies":[{"name":"wp","href":"https:\/\/api.w.org\/{rel}","templated":true}]}}