{"id":332,"date":"2014-05-21T18:04:39","date_gmt":"2014-05-21T18:04:39","guid":{"rendered":"http:\/\/moddeldis.es\/tridimentional-2\/"},"modified":"2014-06-10T16:29:24","modified_gmt":"2014-06-10T16:29:24","slug":"tridimensionnel","status":"publish","type":"page","link":"https:\/\/modeldis.es\/fr\/qualite\/tridimensionnel\/","title":{"rendered":"Tridimensionnel"},"content":{"rendered":"[vc_row][vc_column][vc_column_text]Puisqu\u2019il s\u2019agit d\u2019un moyen de contr\u00f4le, nous vous livrons, joint au gabarit, un RAPPORT\u00a0DIMENSIONNEL, r\u00e9alis\u00e9 avec une machine \u00e0 mesurer les ordonn\u00e9es et qui constitue un\u00a0registre indispensable au sein de votre syst\u00e8me qualit\u00e9, de m\u00eame que des instructions\u00a0d&rsquo;utilisation du gabarit.<\/p>\n<p><a href=\"http:\/\/modeldis.es\/\/wp-content\/uploads\/2014\/05\/XXX.jpg\" rel=\"wp-prettyPhoto[332]\"><img loading=\"lazy\" decoding=\"async\" class=\"alignnone  wp-image-292\" src=\"http:\/\/modeldis.es\/\/wp-content\/uploads\/2014\/05\/XXX-300x209.jpg\" alt=\"XXX\" width=\"227\" height=\"158\" srcset=\"https:\/\/modeldis.es\/wp-content\/uploads\/2014\/05\/XXX-300x209.jpg 300w, https:\/\/modeldis.es\/wp-content\/uploads\/2014\/05\/XXX-1024x714.jpg 1024w\" sizes=\"auto, (max-width: 227px) 100vw, 227px\" \/><\/a> <a href=\"http:\/\/modeldis.es\/\/wp-content\/uploads\/2014\/05\/INFORME.jpg\" rel=\"wp-prettyPhoto[332]\"><img loading=\"lazy\" decoding=\"async\" class=\"alignnone size-medium wp-image-291\" src=\"http:\/\/modeldis.es\/\/wp-content\/uploads\/2014\/05\/INFORME-300x156.jpg\" alt=\"INFORME\" width=\"300\" height=\"156\" srcset=\"https:\/\/modeldis.es\/wp-content\/uploads\/2014\/05\/INFORME-300x156.jpg 300w, https:\/\/modeldis.es\/wp-content\/uploads\/2014\/05\/INFORME-1024x534.jpg 1024w\" sizes=\"auto, (max-width: 300px) 100vw, 300px\" \/><\/a>[\/vc_column_text][\/vc_column][\/vc_row]\n","protected":false},"excerpt":{"rendered":"<p>[vc_row][vc_column][vc_column_text]Puisqu\u2019il s\u2019agit d\u2019un moyen de contr\u00f4le, nous vous livrons, joint au gabarit, un RAPPORT\u00a0DIMENSIONNEL, r\u00e9alis\u00e9 avec une machine \u00e0 mesurer les ordonn\u00e9es et qui constitue un\u00a0registre indispensable au sein de votre syst\u00e8me qualit\u00e9, de m\u00eame que des instructions\u00a0d&rsquo;utilisation du gabarit. [\/vc_column_text][\/vc_column][\/vc_row]<\/p>\n","protected":false},"author":1,"featured_media":0,"parent":321,"menu_order":7,"comment_status":"open","ping_status":"open","template":"page-PageTemplate4.php","meta":{"footnotes":""},"class_list":["post-332","page","type-page","status-publish","hentry"],"_links":{"self":[{"href":"https:\/\/modeldis.es\/fr\/wp-json\/wp\/v2\/pages\/332","targetHints":{"allow":["GET"]}}],"collection":[{"href":"https:\/\/modeldis.es\/fr\/wp-json\/wp\/v2\/pages"}],"about":[{"href":"https:\/\/modeldis.es\/fr\/wp-json\/wp\/v2\/types\/page"}],"author":[{"embeddable":true,"href":"https:\/\/modeldis.es\/fr\/wp-json\/wp\/v2\/users\/1"}],"replies":[{"embeddable":true,"href":"https:\/\/modeldis.es\/fr\/wp-json\/wp\/v2\/comments?post=332"}],"version-history":[{"count":9,"href":"https:\/\/modeldis.es\/fr\/wp-json\/wp\/v2\/pages\/332\/revisions"}],"predecessor-version":[{"id":793,"href":"https:\/\/modeldis.es\/fr\/wp-json\/wp\/v2\/pages\/332\/revisions\/793"}],"up":[{"embeddable":true,"href":"https:\/\/modeldis.es\/fr\/wp-json\/wp\/v2\/pages\/321"}],"wp:attachment":[{"href":"https:\/\/modeldis.es\/fr\/wp-json\/wp\/v2\/media?parent=332"}],"curies":[{"name":"wp","href":"https:\/\/api.w.org\/{rel}","templated":true}]}}