{"id":321,"date":"2014-06-02T07:59:20","date_gmt":"2014-06-02T07:59:20","guid":{"rendered":"http:\/\/moddeldis.es\/?page_id=321"},"modified":"2014-06-02T09:04:00","modified_gmt":"2014-06-02T09:04:00","slug":"qualite","status":"publish","type":"page","link":"https:\/\/modeldis.es\/fr\/qualite\/","title":{"rendered":"Qualit\u00e9"},"content":{"rendered":"[vc_row][vc_column width=\u00a0\u00bb1\/1&Prime;][vc_column_text]<strong>Modeldis S.L.<\/strong> est CERTIFI\u00c9E par AENOR selon la norme UNE-EN-ISO-90001:2001<\/p>\n<p><a href=\"http:\/\/modeldis.es\/\/wp-content\/uploads\/2014\/05\/CERTIFICADO-CALIDAD-EDMAN-SP_1_2014.jpg\" rel=\"wp-prettyPhoto[321]\"><img loading=\"lazy\" decoding=\"async\" class=\"alignnone size-medium wp-image-287\" src=\"http:\/\/modeldis.es\/\/wp-content\/uploads\/2014\/05\/CERTIFICADO-CALIDAD-EDMAN-SP_1_2014-212x300.jpg\" alt=\"CERTIFICADO CALIDAD EDMAN SP_1_2014\" width=\"212\" height=\"300\" srcset=\"https:\/\/modeldis.es\/wp-content\/uploads\/2014\/05\/CERTIFICADO-CALIDAD-EDMAN-SP_1_2014-212x300.jpg 212w, https:\/\/modeldis.es\/wp-content\/uploads\/2014\/05\/CERTIFICADO-CALIDAD-EDMAN-SP_1_2014-724x1024.jpg 724w\" sizes=\"auto, (max-width: 212px) 100vw, 212px\" \/><\/a> <a href=\"http:\/\/modeldis.es\/\/wp-content\/uploads\/2014\/05\/CERTIFICADO-CALIDAD-EDMAN-SP_2_2014.jpg\" rel=\"wp-prettyPhoto[321]\"><img loading=\"lazy\" decoding=\"async\" class=\"alignnone size-medium wp-image-288\" src=\"http:\/\/modeldis.es\/\/wp-content\/uploads\/2014\/05\/CERTIFICADO-CALIDAD-EDMAN-SP_2_2014-212x300.jpg\" alt=\"CERTIFICADO CALIDAD EDMAN SP_2_2014\" width=\"212\" height=\"300\" srcset=\"https:\/\/modeldis.es\/wp-content\/uploads\/2014\/05\/CERTIFICADO-CALIDAD-EDMAN-SP_2_2014-212x300.jpg 212w, https:\/\/modeldis.es\/wp-content\/uploads\/2014\/05\/CERTIFICADO-CALIDAD-EDMAN-SP_2_2014-724x1024.jpg 724w\" sizes=\"auto, (max-width: 212px) 100vw, 212px\" \/><\/a><\/p>\n<p>Puisqu\u2019il s\u2019agit d\u2019un moyen de contr\u00f4le, nous vous livrons, joint au gabarit, un RAPPORT<br \/>\nDIMENSIONNEL, r\u00e9alis\u00e9 avec une machine \u00e0 mesurer les ordonn\u00e9es et qui constitue un<br \/>\nregistre indispensable au sein de votre syst\u00e8me qualit\u00e9, de m\u00eame que des instructions<br \/>\nd&rsquo;utilisation du gabarit.<\/p>\n<p><a href=\"http:\/\/modeldis.es\/\/wp-content\/uploads\/2014\/05\/XXX.jpg\" rel=\"wp-prettyPhoto[321]\"><img loading=\"lazy\" decoding=\"async\" class=\"alignnone  wp-image-292\" src=\"http:\/\/modeldis.es\/\/wp-content\/uploads\/2014\/05\/XXX-300x209.jpg\" alt=\"XXX\" width=\"227\" height=\"158\" srcset=\"https:\/\/modeldis.es\/wp-content\/uploads\/2014\/05\/XXX-300x209.jpg 300w, https:\/\/modeldis.es\/wp-content\/uploads\/2014\/05\/XXX-1024x714.jpg 1024w\" sizes=\"auto, (max-width: 227px) 100vw, 227px\" \/><\/a> <a href=\"http:\/\/modeldis.es\/\/wp-content\/uploads\/2014\/05\/INFORME.jpg\" rel=\"wp-prettyPhoto[321]\"><img loading=\"lazy\" decoding=\"async\" class=\"alignnone size-medium wp-image-291\" src=\"http:\/\/modeldis.es\/\/wp-content\/uploads\/2014\/05\/INFORME-300x156.jpg\" alt=\"INFORME\" width=\"300\" height=\"156\" srcset=\"https:\/\/modeldis.es\/wp-content\/uploads\/2014\/05\/INFORME-300x156.jpg 300w, https:\/\/modeldis.es\/wp-content\/uploads\/2014\/05\/INFORME-1024x534.jpg 1024w\" sizes=\"auto, (max-width: 300px) 100vw, 300px\" \/><\/a><br \/>\n[\/vc_column_text][\/vc_column][\/vc_row]\n","protected":false},"excerpt":{"rendered":"<p>[vc_row][vc_column width=\u00a0\u00bb1\/1&Prime;][vc_column_text]Modeldis S.L. est CERTIFI\u00c9E par AENOR selon la norme UNE-EN-ISO-90001:2001 Puisqu\u2019il s\u2019agit d\u2019un moyen de contr\u00f4le, nous vous livrons, joint au gabarit, un RAPPORT DIMENSIONNEL, r\u00e9alis\u00e9 avec une machine \u00e0 mesurer les ordonn\u00e9es et qui constitue un registre indispensable au sein de votre syst\u00e8me qualit\u00e9, de [&hellip;]<\/p>\n","protected":false},"author":1,"featured_media":0,"parent":0,"menu_order":0,"comment_status":"open","ping_status":"closed","template":"page-PageTemplate4.php","meta":{"footnotes":""},"class_list":["post-321","page","type-page","status-publish","hentry"],"_links":{"self":[{"href":"https:\/\/modeldis.es\/fr\/wp-json\/wp\/v2\/pages\/321","targetHints":{"allow":["GET"]}}],"collection":[{"href":"https:\/\/modeldis.es\/fr\/wp-json\/wp\/v2\/pages"}],"about":[{"href":"https:\/\/modeldis.es\/fr\/wp-json\/wp\/v2\/types\/page"}],"author":[{"embeddable":true,"href":"https:\/\/modeldis.es\/fr\/wp-json\/wp\/v2\/users\/1"}],"replies":[{"embeddable":true,"href":"https:\/\/modeldis.es\/fr\/wp-json\/wp\/v2\/comments?post=321"}],"version-history":[{"count":3,"href":"https:\/\/modeldis.es\/fr\/wp-json\/wp\/v2\/pages\/321\/revisions"}],"predecessor-version":[{"id":394,"href":"https:\/\/modeldis.es\/fr\/wp-json\/wp\/v2\/pages\/321\/revisions\/394"}],"wp:attachment":[{"href":"https:\/\/modeldis.es\/fr\/wp-json\/wp\/v2\/media?parent=321"}],"curies":[{"name":"wp","href":"https:\/\/api.w.org\/{rel}","templated":true}]}}