{"id":316,"date":"2014-06-02T07:54:54","date_gmt":"2014-06-02T07:54:54","guid":{"rendered":"http:\/\/moddeldis.es\/?page_id=316"},"modified":"2014-06-02T10:00:11","modified_gmt":"2014-06-02T10:00:11","slug":"distribution","status":"publish","type":"page","link":"https:\/\/modeldis.es\/fr\/produire\/distribution\/","title":{"rendered":"Distribution"},"content":{"rendered":"<h2>Distribution<\/h2>\n<p><strong>Modeldis S.L.<\/strong> peux vous fournir toutes les composants n\u00e9cessaires pour votre production interne.<br \/>\nNous travaillons avec des petites quantit\u00e9s selon plans ou \u00e9chantillon.<\/p>\n<p>Notre OBJECTIF PRINCIPAL est de satisfaire les besoins de nos clients et r\u00e9duire notamment les co\u00fbts.<\/p>\n","protected":false},"excerpt":{"rendered":"<p>Distribution Modeldis S.L. peux vous fournir toutes les composants n\u00e9cessaires pour votre production interne. Nous travaillons avec des petites quantit\u00e9s selon plans ou \u00e9chantillon. Notre OBJECTIF PRINCIPAL est de satisfaire les besoins de nos clients et r\u00e9duire notamment les co\u00fbts.<\/p>\n","protected":false},"author":1,"featured_media":0,"parent":312,"menu_order":2,"comment_status":"open","ping_status":"open","template":"page-PageTemplate2.php","meta":{"footnotes":""},"class_list":["post-316","page","type-page","status-publish","hentry"],"_links":{"self":[{"href":"https:\/\/modeldis.es\/fr\/wp-json\/wp\/v2\/pages\/316","targetHints":{"allow":["GET"]}}],"collection":[{"href":"https:\/\/modeldis.es\/fr\/wp-json\/wp\/v2\/pages"}],"about":[{"href":"https:\/\/modeldis.es\/fr\/wp-json\/wp\/v2\/types\/page"}],"author":[{"embeddable":true,"href":"https:\/\/modeldis.es\/fr\/wp-json\/wp\/v2\/users\/1"}],"replies":[{"embeddable":true,"href":"https:\/\/modeldis.es\/fr\/wp-json\/wp\/v2\/comments?post=316"}],"version-history":[{"count":3,"href":"https:\/\/modeldis.es\/fr\/wp-json\/wp\/v2\/pages\/316\/revisions"}],"predecessor-version":[{"id":410,"href":"https:\/\/modeldis.es\/fr\/wp-json\/wp\/v2\/pages\/316\/revisions\/410"}],"up":[{"embeddable":true,"href":"https:\/\/modeldis.es\/fr\/wp-json\/wp\/v2\/pages\/312"}],"wp:attachment":[{"href":"https:\/\/modeldis.es\/fr\/wp-json\/wp\/v2\/media?parent=316"}],"curies":[{"name":"wp","href":"https:\/\/api.w.org\/{rel}","templated":true}]}}