{"id":312,"date":"2014-06-02T07:50:49","date_gmt":"2014-06-02T07:50:49","guid":{"rendered":"http:\/\/moddeldis.es\/?page_id=312"},"modified":"2014-06-11T10:45:41","modified_gmt":"2014-06-11T10:45:41","slug":"produire","status":"publish","type":"page","link":"https:\/\/modeldis.es\/fr\/produire\/","title":{"rendered":"Produire"},"content":{"rendered":"[vc_row][vc_column width=\u00a0\u00bb1\/2&Prime;][vc_column_text]\n<h2><a href=\"http:\/\/modeldis.es\/\/fr\/produire\/moyens-de-controle\/\">Moyens de Contr\u00f4le<\/a><\/h2>\n<p>Les gabarits sont fabriqu\u00e9s en Aluminium de haute qualit\u00e9, Acier, R\u00e9sines ou avec d&rsquo;autres mat\u00e9riaux selon les exigences du client ou du projet, qui vous permettra de les disposer \u00e0 c\u00f4t\u00e9 de la ligne de production, \u00e9vitant ainsi les d\u00e9placements de personnel.<\/p>\n<a class=\"read-more-align-left\" href=\"http:\/\/modeldis.es\/\/fr\/produire\/moyens-de-controle\/\" title=\"En savoir plus..\"><span>En savoir plus..<\/span> &rarr;<\/a>[\/vc_column_text][\/vc_column][vc_column width=\u00a0\u00bb1\/2&Prime;][vc_column_text]\n<h2><a href=\"http:\/\/modeldis.es\/\/fr\/produire\/distribution\/\">Distribution<\/a><\/h2>\n<p>Modeldis S.L. peux vous fournir toutes les composants n\u00e9cessaires pour votre production interne. Nous travaillons avec des petites quantit\u00e9s selon plans ou \u00e9chantillon. Notre OBJECTIF PRINCIPAL est de satisfaire les besoins de nos clients et r\u00e9duire notamment les co\u00fbts.<\/p>\n<a class=\"read-more-align-left\" href=\"http:\/\/modeldis.es\/\/fr\/produire\/distribution\/\" title=\"En savoir plus..\"><span>En savoir plus..<\/span> &rarr;<\/a>[\/vc_column_text][\/vc_column][\/vc_row]\n","protected":false},"excerpt":{"rendered":"<p>[vc_row][vc_column width=\u00a0\u00bb1\/2&Prime;][vc_column_text] Moyens de Contr\u00f4le Les gabarits sont fabriqu\u00e9s en Aluminium de haute qualit\u00e9, Acier, R\u00e9sines ou avec d&rsquo;autres mat\u00e9riaux selon les exigences du client ou du projet, qui vous permettra de les disposer \u00e0 c\u00f4t\u00e9 de la ligne de production, \u00e9vitant ainsi les d\u00e9placements de personnel. [&hellip;]<\/p>\n","protected":false},"author":1,"featured_media":0,"parent":0,"menu_order":0,"comment_status":"open","ping_status":"open","template":"page-FullWidth.php","meta":{"footnotes":""},"class_list":["post-312","page","type-page","status-publish","hentry"],"_links":{"self":[{"href":"https:\/\/modeldis.es\/fr\/wp-json\/wp\/v2\/pages\/312","targetHints":{"allow":["GET"]}}],"collection":[{"href":"https:\/\/modeldis.es\/fr\/wp-json\/wp\/v2\/pages"}],"about":[{"href":"https:\/\/modeldis.es\/fr\/wp-json\/wp\/v2\/types\/page"}],"author":[{"embeddable":true,"href":"https:\/\/modeldis.es\/fr\/wp-json\/wp\/v2\/users\/1"}],"replies":[{"embeddable":true,"href":"https:\/\/modeldis.es\/fr\/wp-json\/wp\/v2\/comments?post=312"}],"version-history":[{"count":7,"href":"https:\/\/modeldis.es\/fr\/wp-json\/wp\/v2\/pages\/312\/revisions"}],"predecessor-version":[{"id":874,"href":"https:\/\/modeldis.es\/fr\/wp-json\/wp\/v2\/pages\/312\/revisions\/874"}],"wp:attachment":[{"href":"https:\/\/modeldis.es\/fr\/wp-json\/wp\/v2\/media?parent=312"}],"curies":[{"name":"wp","href":"https:\/\/api.w.org\/{rel}","templated":true}]}}