{"id":307,"date":"2014-05-13T09:45:14","date_gmt":"2014-05-13T09:45:14","guid":{"rendered":"http:\/\/moddeldis.es\/inicio-2\/"},"modified":"2014-06-10T18:47:53","modified_gmt":"2014-06-10T18:47:53","slug":"inicio","status":"publish","type":"page","link":"https:\/\/modeldis.es\/fr\/","title":{"rendered":"Inicio"},"content":{"rendered":"[vc_row css=\u00a0\u00bb.vc_custom_1400603520434{background-image: url(http:\/\/modeldis.es\/\/wp-content\/uploads\/2014\/05\/mapa_fondo.jpg?id=26) !important;}\u00a0\u00bb][vc_column width=\u00a0\u00bb1\/2&Prime;][vc_column_text]\n<h2>Moyens de Contr\u00f4le<\/h2>\n<h4>Dessin + Production + Certification 3D<\/h4>\n<p>Nous \u00e9laborons sur plan ou sur mod\u00e8le en nous adaptant \u00e0 vos exigences. Vos sp\u00e9cifications sont regroup\u00e9es dans un rapport que nous vous remettons afin que vous puissiez vous assurer que le produit re\u00e7u correspond \u00e0 ce que vous souhaitez. Nous pouvons utiliser un syst\u00e8me de contr\u00f4le bas\u00e9 en Variables ou d&rsquo;Attributives.<\/p>\n\n\t\t\t<!-- START utiles_de_control_fr REVOLUTION SLIDER 6.5.25 --><p class=\"rs-p-wp-fix\"><\/p>\n\t\t\t<rs-module-wrap id=\"rev_slider_4_1_wrapper\" data-source=\"gallery\" data-aimg=\"\"  style=\"visibility:hidden;padding:0;margin:0px auto;margin-top:0;margin-bottom:0;\">\n\t\t\t\t<rs-module id=\"rev_slider_4_1\" style=\"\" data-version=\"6.5.25\">\n\t\t\t\t\t<rs-slides>\n\t\t\t\t\t\t<rs-slide style=\"position: absolute;\" data-key=\"rs-8\" data-title=\"Slide\" data-link=\"\/\/nommac.com\/edman\/fr\/produire\/moyens-de-controle\/ac-et-direction-assiste\/\" data-tag=\"l\" data-target=\"_self\" data-seoz=\"front\" data-anim=\"ms:300;\" data-in=\"x:-100%;\">\n\t\t\t\t\t\t\t<img decoding=\"async\" src=\"\/\/modeldis.es\/wp-content\/plugins\/revslider\/public\/assets\/assets\/dummy.png\" alt=\"\" title=\"Inicio\" class=\"rev-slidebg tp-rs-img rs-lazyload\" data-lazyload=\"\/\/modeldis.es\/wp-content\/uploads\/2014\/06\/slide_fr.png\" data-bg=\"p:center top;\" data-no-retina>\n<!---->\t\t\t\t\t\t<\/rs-slide>\n\t\t\t\t\t\t<rs-slide style=\"position: absolute;\" data-key=\"rs-7\" data-title=\"Slide\" data-link=\"\/\/nommac.com\/edman\/fr\/produire\/moyens-de-controle\/freins-et-embrayage\/\" data-tag=\"l\" data-target=\"_self\" data-seoz=\"front\" data-anim=\"ms:300;\" data-in=\"x:-100%;\">\n\t\t\t\t\t\t\t<img decoding=\"async\" src=\"\/\/modeldis.es\/wp-content\/plugins\/revslider\/public\/assets\/assets\/dummy.png\" alt=\"\" title=\"Inicio\" class=\"rev-slidebg tp-rs-img rs-lazyload\" data-lazyload=\"\/\/modeldis.es\/wp-content\/uploads\/2014\/06\/slide1_fr.png\" data-bg=\"p:center top;\" data-no-retina>\n<!---->\t\t\t\t\t\t<\/rs-slide>\n\t\t\t\t\t\t<rs-slide style=\"position: absolute;\" data-key=\"rs-25\" data-title=\"Slide\" data-link=\"\/\/nommac.com\/edman\/fr\/produire\/moyens-de-controle\/systemes-dechappements\/\" data-tag=\"l\" data-target=\"_self\" data-seoz=\"front\" data-in=\"prst:rndany;o:0;y:(100%);\">\n\t\t\t\t\t\t\t<img decoding=\"async\" src=\"\/\/modeldis.es\/wp-content\/plugins\/revslider\/public\/assets\/assets\/dummy.png\" alt=\"\" title=\"Inicio\" class=\"rev-slidebg tp-rs-img rs-lazyload\" data-lazyload=\"\/\/modeldis.es\/wp-content\/uploads\/2014\/06\/slide4_fr.png\" data-bg=\"p:center top;\" data-no-retina>\n<!---->\t\t\t\t\t\t<\/rs-slide>\n\t\t\t\t\t\t<rs-slide style=\"position: absolute;\" data-key=\"rs-26\" data-title=\"Slide\" data-link=\"\/\/nommac.com\/edman\/fr\/produire\/moyens-de-controle\/embouts\/metalliques\/\" data-tag=\"l\" data-target=\"_self\" data-seoz=\"front\" data-in=\"prst:rndany;o:0;\" data-out=\"a:false;\">\n\t\t\t\t\t\t\t<img decoding=\"async\" src=\"\/\/modeldis.es\/wp-content\/plugins\/revslider\/public\/assets\/assets\/dummy.png\" alt=\"\" title=\"Inicio\" class=\"rev-slidebg tp-rs-img rs-lazyload\" data-lazyload=\"\/\/modeldis.es\/wp-content\/uploads\/2014\/06\/slide5_fr.png\" data-bg=\"p:center top;\" data-no-retina>\n<!---->\t\t\t\t\t\t<\/rs-slide>\n\t\t\t\t\t\t<rs-slide style=\"position: absolute;\" data-key=\"rs-27\" data-title=\"Slide\" data-link=\"\/\/nommac.com\/edman\/fr\/produire\/moyens-de-controle\/embouts\/plastiques\/\" data-tag=\"l\" data-target=\"_self\" data-seoz=\"front\" data-in=\"prst:rndany;y:-100%;\" data-out=\"a:false;\">\n\t\t\t\t\t\t\t<img decoding=\"async\" src=\"\/\/modeldis.es\/wp-content\/plugins\/revslider\/public\/assets\/assets\/dummy.png\" alt=\"\" title=\"Inicio\" class=\"rev-slidebg tp-rs-img rs-lazyload\" data-lazyload=\"\/\/modeldis.es\/wp-content\/uploads\/2014\/06\/slide6_fr.png\" data-bg=\"p:center top;\" data-no-retina>\n<!---->\t\t\t\t\t\t<\/rs-slide>\n\t\t\t\t\t\t<rs-slide style=\"position: absolute;\" data-key=\"rs-28\" data-title=\"Slide\" data-link=\"\/\/nommac.com\/edman\/fr\/produire\/moyens-de-controle\/tubes-flexible-conformes\/\" data-tag=\"l\" data-target=\"_self\" data-seoz=\"front\" data-anim=\"e:slidingoverlay;ms:2000;\" data-in=\"prst:rndany;y:(100%);\">\n\t\t\t\t\t\t\t<img decoding=\"async\" src=\"\/\/modeldis.es\/wp-content\/plugins\/revslider\/public\/assets\/assets\/dummy.png\" alt=\"\" title=\"Inicio\" class=\"rev-slidebg tp-rs-img rs-lazyload\" data-lazyload=\"\/\/modeldis.es\/wp-content\/uploads\/2014\/06\/slide7_fr.png\" data-bg=\"p:center top;\" data-no-retina>\n<!---->\t\t\t\t\t\t<\/rs-slide>\n\t\t\t\t\t\t<rs-slide style=\"position: absolute;\" data-key=\"rs-29\" data-title=\"Slide\" data-link=\"\/\/nommac.com\/edman\/fr\/produire\/moyens-de-controle\/sieges\/\" data-tag=\"l\" data-target=\"_self\" data-seoz=\"front\" data-in=\"prst:rndany;y:(-100%);col:5;\">\n\t\t\t\t\t\t\t<img decoding=\"async\" src=\"\/\/modeldis.es\/wp-content\/plugins\/revslider\/public\/assets\/assets\/dummy.png\" alt=\"\" title=\"Inicio\" class=\"rev-slidebg tp-rs-img rs-lazyload\" data-lazyload=\"\/\/modeldis.es\/wp-content\/uploads\/2014\/06\/slide8_fr.png\" data-bg=\"p:center top;\" data-no-retina>\n<!---->\t\t\t\t\t\t<\/rs-slide>\n\t\t\t\t\t\t<rs-slide style=\"position: absolute;\" data-key=\"rs-30\" data-title=\"Slide\" data-link=\"\/\/nommac.com\/edman\/fr\/produire\/moyens-de-controle\/automatises\/\" data-tag=\"l\" data-target=\"_self\" data-seoz=\"front\" data-anim=\"p:dark;\" data-in=\"prst:rndany;o:0;\" data-out=\"o:0;\">\n\t\t\t\t\t\t\t<img decoding=\"async\" src=\"\/\/modeldis.es\/wp-content\/plugins\/revslider\/public\/assets\/assets\/dummy.png\" alt=\"\" title=\"Inicio\" class=\"rev-slidebg tp-rs-img rs-lazyload\" data-lazyload=\"\/\/modeldis.es\/wp-content\/uploads\/2014\/06\/slide9_fr.png\" data-bg=\"p:center top;\" data-no-retina>\n<!---->\t\t\t\t\t\t<\/rs-slide>\n\t\t\t\t\t<\/rs-slides>\n\t\t\t\t<\/rs-module>\n\t\t\t\t<script>\n\t\t\t\t\tsetREVStartSize({c: 'rev_slider_4_1',rl:[1240,1024,778,480],el:[],gw:[450],gh:[135],type:'standard',justify:'',layout:'fullwidth',mh:\"0\"});if (window.RS_MODULES!==undefined && window.RS_MODULES.modules!==undefined && window.RS_MODULES.modules[\"revslider41\"]!==undefined) {window.RS_MODULES.modules[\"revslider41\"].once = false;window.revapi4 = undefined;if (window.RS_MODULES.checkMinimal!==undefined) window.RS_MODULES.checkMinimal()}\n\t\t\t\t<\/script>\n\t\t\t<\/rs-module-wrap>\n\t\t\t<!-- END REVOLUTION SLIDER -->\n[\/vc_column_text][\/vc_column][vc_column width=\u00a0\u00bb1\/2&Prime;][vc_column_text]\n<h2>Distribution<\/h2>\n<h3>Appareils &amp; Accessoires<\/h3>\n<p>Modeldis S.L. peux vous fournir toutes les composants n\u00e9cessaires pour votre production interne.<br \/>\nNous travaillons avec des petites quantit\u00e9s selon plans ou \u00e9chantillon.<\/p>\n\n\t\t\t<!-- START distribucion_fr REVOLUTION SLIDER 6.5.25 --><p class=\"rs-p-wp-fix\"><\/p>\n\t\t\t<rs-module-wrap id=\"rev_slider_6_2_wrapper\" data-source=\"gallery\" data-aimg=\"\"  style=\"visibility:hidden;padding:0;margin:0px auto;margin-top:0;margin-bottom:0;\">\n\t\t\t\t<rs-module id=\"rev_slider_6_2\" style=\"\" data-version=\"6.5.25\">\n\t\t\t\t\t<rs-slides>\n\t\t\t\t\t\t<rs-slide style=\"position: absolute;\" data-key=\"rs-12\" data-title=\"Slide\" data-link=\"\/\/nommac.com\/edman\/fr\/produire\/distribution\/decolettage\/\" data-tag=\"l\" data-target=\"_self\" data-seoz=\"front\" data-anim=\"ms:300;\" data-in=\"x:-100%;\">\n\t\t\t\t\t\t\t<img decoding=\"async\" src=\"\/\/modeldis.es\/wp-content\/plugins\/revslider\/public\/assets\/assets\/dummy.png\" alt=\"\" title=\"Inicio\" class=\"rev-slidebg tp-rs-img rs-lazyload\" data-lazyload=\"\/\/modeldis.es\/wp-content\/uploads\/2014\/06\/slide2_fr.png\" data-bg=\"p:center top;\" data-no-retina>\n<!---->\t\t\t\t\t\t<\/rs-slide>\n\t\t\t\t\t\t<rs-slide style=\"position: absolute;\" data-key=\"rs-11\" data-title=\"Slide\" data-link=\"\/\/nommac.com\/edman\/fr\/produire\/distribution\/restauration\/\" data-tag=\"l\" data-target=\"_self\" data-seoz=\"front\" data-anim=\"ms:300;\" data-in=\"x:-100%;\">\n\t\t\t\t\t\t\t<img decoding=\"async\" src=\"\/\/modeldis.es\/wp-content\/plugins\/revslider\/public\/assets\/assets\/dummy.png\" alt=\"\" title=\"Inicio\" class=\"rev-slidebg tp-rs-img rs-lazyload\" data-lazyload=\"\/\/modeldis.es\/wp-content\/uploads\/2014\/06\/slide3_fr.png\" data-bg=\"p:center top;\" data-no-retina>\n<!---->\t\t\t\t\t\t<\/rs-slide>\n\t\t\t\t\t\t<rs-slide style=\"position: absolute;\" data-key=\"rs-31\" data-title=\"Slide\" data-link=\"\/\/nommac.com\/edman\/fr\/produire\/distribution\/climatisation\/\" data-tag=\"l\" data-target=\"_self\" data-seoz=\"front\" data-anim=\"d:15;p:dark;f:center;\" data-in=\"prst:rndany;o:0;sx:1.1;sy:1.1;m:true;row:30;col:30;\" data-out=\"a:false;\">\n\t\t\t\t\t\t\t<img decoding=\"async\" src=\"\/\/modeldis.es\/wp-content\/plugins\/revslider\/public\/assets\/assets\/dummy.png\" alt=\"\" title=\"Inicio\" class=\"rev-slidebg tp-rs-img rs-lazyload\" data-lazyload=\"\/\/modeldis.es\/wp-content\/uploads\/2014\/06\/slide10_fr.png\" data-bg=\"p:center top;\" data-no-retina>\n<!---->\t\t\t\t\t\t<\/rs-slide>\n\t\t\t\t\t\t<rs-slide style=\"position: absolute;\" data-key=\"rs-32\" data-title=\"Slide\" data-link=\"\/\/nommac.com\/edman\/fr\/produire\/distribution\/industrie\/\" data-tag=\"l\" data-target=\"_self\" data-seoz=\"front\" data-anim=\"d:20;ms:910;\" data-in=\"prst:rndany;o:0;y:ran(-200|200);sx:2;sy:2;e:power3.Out;row:10;col:100;\">\n\t\t\t\t\t\t\t<img decoding=\"async\" src=\"\/\/modeldis.es\/wp-content\/plugins\/revslider\/public\/assets\/assets\/dummy.png\" alt=\"\" title=\"Inicio\" class=\"rev-slidebg tp-rs-img rs-lazyload\" data-lazyload=\"\/\/modeldis.es\/wp-content\/uploads\/2014\/06\/slide11_fr.png\" data-bg=\"p:center top;\" data-no-retina>\n<!---->\t\t\t\t\t\t<\/rs-slide>\n\t\t\t\t\t\t<rs-slide style=\"position: absolute;\" data-key=\"rs-33\" data-title=\"Slide\" data-link=\"\/\/nommac.com\/edman\/fr\/produire\/distribution\/preformage\/\" data-tag=\"l\" data-target=\"_self\" data-seoz=\"front\" data-anim=\"e:slidingoverlay;ms:2000;\" data-in=\"prst:rndany;x:-100%;\">\n\t\t\t\t\t\t\t<img decoding=\"async\" src=\"\/\/modeldis.es\/wp-content\/plugins\/revslider\/public\/assets\/assets\/dummy.png\" alt=\"\" title=\"Inicio\" class=\"rev-slidebg tp-rs-img rs-lazyload\" data-lazyload=\"\/\/modeldis.es\/wp-content\/uploads\/2014\/06\/slide12_fr.png\" data-bg=\"p:center top;\" data-no-retina>\n<!---->\t\t\t\t\t\t<\/rs-slide>\n\t\t\t\t\t\t<rs-slide style=\"position: absolute;\" data-key=\"rs-34\" data-title=\"Slide\" data-link=\"\/\/nommac.com\/edman\/fr\/produire\/distribution\/automobile\/\" data-tag=\"l\" data-target=\"_self\" data-seoz=\"front\" data-anim=\"d:15;ms:1000;f:edges;\" data-in=\"prst:rndany;mo:70;moo:none;o:0;x:ran(-20|20);y:ran(-20|20);r:ran(-40|40);sx:2;sy:2;e:circ.in;row:10;col:10;\" data-out=\"a:false;\">\n\t\t\t\t\t\t\t<img decoding=\"async\" src=\"\/\/modeldis.es\/wp-content\/plugins\/revslider\/public\/assets\/assets\/dummy.png\" alt=\"\" title=\"Inicio\" class=\"rev-slidebg tp-rs-img rs-lazyload\" data-lazyload=\"\/\/modeldis.es\/wp-content\/uploads\/2014\/06\/slide13_fr.png\" data-bg=\"p:center top;\" data-no-retina>\n<!---->\t\t\t\t\t\t<\/rs-slide>\n\t\t\t\t\t<\/rs-slides>\n\t\t\t\t<\/rs-module>\n\t\t\t\t<script>\n\t\t\t\t\tsetREVStartSize({c: 'rev_slider_6_2',rl:[1240,1024,778,480],el:[],gw:[450],gh:[135],type:'standard',justify:'',layout:'fullwidth',mh:\"0\"});if (window.RS_MODULES!==undefined && window.RS_MODULES.modules!==undefined && window.RS_MODULES.modules[\"revslider62\"]!==undefined) {window.RS_MODULES.modules[\"revslider62\"].once = false;window.revapi6 = undefined;if (window.RS_MODULES.checkMinimal!==undefined) window.RS_MODULES.checkMinimal()}\n\t\t\t\t<\/script>\n\t\t\t<\/rs-module-wrap>\n\t\t\t<!-- END REVOLUTION SLIDER -->\n[\/vc_column_text][\/vc_column][\/vc_row][vc_row][vc_column width=\u00a0\u00bb1\/1&Prime;][vc_separator color=\u00a0\u00bbgrey\u00a0\u00bb][\/vc_column][\/vc_row][vc_row][vc_column width=\u00a0\u00bb3\/4&Prime;][vc_column_text]\n<h2>Qui nous sommes<\/h2>\n<p><span style=\"color: #000000;\"><strong>Modeldis S.L.<\/strong><\/span> est une entreprise d\u2019ing\u00e9nierie sp\u00e9cialis\u00e9e dans le dessin, la fabrication et la validation de moyens de contr\u00f4le dimensionnel pour composants <span style=\"color: #333399;\">D\u2019AUTOMOBILE L&rsquo;A\u00c9RONAUTIQUE, LES MARCH\u00c9S MILITAIRES ET AGRICOLES.<\/span><\/p>\n<p>Depuis 1997 nous avons acquis une grande exp\u00e9rience fournissant des \u00e9quipements pour le contr\u00f4le des syst\u00e8mes de distribution d\u2019air conditionn\u00e9, de direction assist\u00e9e, de freins, syst\u00e8me d\u00b4\u00e9chappement, si\u00e8ges, pi\u00e8ces embouties et plastiques, et d&rsquo;autres composants pour constructeurs et fournisseurs de premi\u00e8re monte .[\/vc_column_text][\/vc_column][vc_column width=\u00a0\u00bb1\/4&Prime;][vc_column_text]<blockquote class=\"alignleft\"><strong>Modeldis S.L. <\/strong>\u00a0est CERTIFI\u00c9E par <strong>AENOR <\/strong>selon la norme <strong>UNE-EN-ISO-90001:2001<\/strong><\/blockquote>[\/vc_column_text][\/vc_column][\/vc_row]\n","protected":false},"excerpt":{"rendered":"<p>[vc_row css=\u00a0\u00bb.vc_custom_1400603520434{background-image: url(http:\/\/modeldis.es\/\/wp-content\/uploads\/2014\/05\/mapa_fondo.jpg?id=26) !important;}\u00a0\u00bb][vc_column width=\u00a0\u00bb1\/2&Prime;][vc_column_text] Moyens de Contr\u00f4le Dessin + Production + Certification 3D Nous \u00e9laborons sur plan ou sur mod\u00e8le en nous adaptant \u00e0 vos exigences. Vos sp\u00e9cifications sont regroup\u00e9es dans un rapport que nous vous remettons afin que vous puissiez vous assurer que le produit [&hellip;]<\/p>\n","protected":false},"author":1,"featured_media":0,"parent":0,"menu_order":0,"comment_status":"open","ping_status":"closed","template":"page-FullWidth.php","meta":{"footnotes":""},"class_list":["post-307","page","type-page","status-publish","hentry"],"_links":{"self":[{"href":"https:\/\/modeldis.es\/fr\/wp-json\/wp\/v2\/pages\/307","targetHints":{"allow":["GET"]}}],"collection":[{"href":"https:\/\/modeldis.es\/fr\/wp-json\/wp\/v2\/pages"}],"about":[{"href":"https:\/\/modeldis.es\/fr\/wp-json\/wp\/v2\/types\/page"}],"author":[{"embeddable":true,"href":"https:\/\/modeldis.es\/fr\/wp-json\/wp\/v2\/users\/1"}],"replies":[{"embeddable":true,"href":"https:\/\/modeldis.es\/fr\/wp-json\/wp\/v2\/comments?post=307"}],"version-history":[{"count":5,"href":"https:\/\/modeldis.es\/fr\/wp-json\/wp\/v2\/pages\/307\/revisions"}],"predecessor-version":[{"id":855,"href":"https:\/\/modeldis.es\/fr\/wp-json\/wp\/v2\/pages\/307\/revisions\/855"}],"wp:attachment":[{"href":"https:\/\/modeldis.es\/fr\/wp-json\/wp\/v2\/media?parent=307"}],"curies":[{"name":"wp","href":"https:\/\/api.w.org\/{rel}","templated":true}]}}