{"id":318,"date":"2014-05-20T17:02:20","date_gmt":"2014-05-20T17:02:20","guid":{"rendered":"http:\/\/moddeldis.es\/?page_id=318"},"modified":"2014-06-09T07:55:26","modified_gmt":"2014-06-09T07:55:26","slug":"quality","status":"publish","type":"page","link":"https:\/\/modeldis.es\/en\/quality\/","title":{"rendered":"Quality"},"content":{"rendered":"[vc_row][vc_column width=&#8221;1\/1&#8243;][vc_column_text]<strong>Modeldis S.L.<\/strong> est\u00e1 CERTIFICADA por AENOR seg\u00fan la norma UNE-EN-ISO-90001:2001<\/p>\n<p><a href=\"http:\/\/modeldis.es\/\/wp-content\/uploads\/2014\/05\/CERTIFICADO-CALIDAD-EDMAN-SP_1_2014.jpg\" rel=\"wp-prettyPhoto[318]\"><img loading=\"lazy\" decoding=\"async\" class=\"alignnone size-medium wp-image-287\" src=\"http:\/\/modeldis.es\/\/wp-content\/uploads\/2014\/05\/CERTIFICADO-CALIDAD-EDMAN-SP_1_2014-212x300.jpg\" alt=\"CERTIFICADO CALIDAD EDMAN SP_1_2014\" width=\"212\" height=\"300\" srcset=\"https:\/\/modeldis.es\/wp-content\/uploads\/2014\/05\/CERTIFICADO-CALIDAD-EDMAN-SP_1_2014-212x300.jpg 212w, https:\/\/modeldis.es\/wp-content\/uploads\/2014\/05\/CERTIFICADO-CALIDAD-EDMAN-SP_1_2014-724x1024.jpg 724w\" sizes=\"auto, (max-width: 212px) 100vw, 212px\" \/><\/a> <a href=\"http:\/\/modeldis.es\/\/wp-content\/uploads\/2014\/05\/CERTIFICADO-CALIDAD-EDMAN-SP_2_2014.jpg\" rel=\"wp-prettyPhoto[318]\"><img loading=\"lazy\" decoding=\"async\" class=\"alignnone size-medium wp-image-288\" src=\"http:\/\/modeldis.es\/\/wp-content\/uploads\/2014\/05\/CERTIFICADO-CALIDAD-EDMAN-SP_2_2014-212x300.jpg\" alt=\"CERTIFICADO CALIDAD EDMAN SP_2_2014\" width=\"212\" height=\"300\" srcset=\"https:\/\/modeldis.es\/wp-content\/uploads\/2014\/05\/CERTIFICADO-CALIDAD-EDMAN-SP_2_2014-212x300.jpg 212w, https:\/\/modeldis.es\/wp-content\/uploads\/2014\/05\/CERTIFICADO-CALIDAD-EDMAN-SP_2_2014-724x1024.jpg 724w\" sizes=\"auto, (max-width: 212px) 100vw, 212px\" \/><\/a><\/p>\n<p>Puesto que es un elemento de control, le entregamos junto con el \u00fatil de control un INFORME DIMENSIONAL en 3D realizado con m\u00e1quina de medici\u00f3n de coordenadas, que constituye un registro imprescindible en su sistema de calidad y unas INSTRUCCIONES DE MANEJO de dicho \u00fatil.<\/p>\n<p><a href=\"http:\/\/modeldis.es\/\/wp-content\/uploads\/2014\/05\/XXX.jpg\" rel=\"wp-prettyPhoto[318]\"><img loading=\"lazy\" decoding=\"async\" class=\"alignnone  wp-image-292\" src=\"http:\/\/modeldis.es\/\/wp-content\/uploads\/2014\/05\/XXX-300x209.jpg\" alt=\"XXX\" width=\"227\" height=\"158\" srcset=\"https:\/\/modeldis.es\/wp-content\/uploads\/2014\/05\/XXX-300x209.jpg 300w, https:\/\/modeldis.es\/wp-content\/uploads\/2014\/05\/XXX-1024x714.jpg 1024w\" sizes=\"auto, (max-width: 227px) 100vw, 227px\" \/><\/a> <a href=\"http:\/\/modeldis.es\/\/wp-content\/uploads\/2014\/05\/INFORME.jpg\" rel=\"wp-prettyPhoto[318]\"><img loading=\"lazy\" decoding=\"async\" class=\"alignnone size-medium wp-image-291\" src=\"http:\/\/modeldis.es\/\/wp-content\/uploads\/2014\/05\/INFORME-300x156.jpg\" alt=\"INFORME\" width=\"300\" height=\"156\" srcset=\"https:\/\/modeldis.es\/wp-content\/uploads\/2014\/05\/INFORME-300x156.jpg 300w, https:\/\/modeldis.es\/wp-content\/uploads\/2014\/05\/INFORME-1024x534.jpg 1024w\" sizes=\"auto, (max-width: 300px) 100vw, 300px\" \/><\/a><\/p>\n<p>Somos muy flexibles y nos adaptamos perfectamente a sus necesidades. Estamos a su disposici\u00f3n para estudiar cada detalle del proyecto.[\/vc_column_text][\/vc_column][\/vc_row]\n","protected":false},"excerpt":{"rendered":"<p>[vc_row][vc_column width=&#8221;1\/1&#8243;][vc_column_text]Modeldis S.L. est\u00e1 CERTIFICADA por AENOR seg\u00fan la norma UNE-EN-ISO-90001:2001 Puesto que es un elemento de control, le entregamos junto con el \u00fatil de control un INFORME DIMENSIONAL en 3D realizado con m\u00e1quina de medici\u00f3n de coordenadas, que constituye un registro imprescindible en su sistema de [&hellip;]<\/p>\n","protected":false},"author":1,"featured_media":0,"parent":0,"menu_order":0,"comment_status":"open","ping_status":"closed","template":"page-PageTemplate4.php","meta":{"footnotes":""},"class_list":["post-318","page","type-page","status-publish","hentry"],"_links":{"self":[{"href":"https:\/\/modeldis.es\/en\/wp-json\/wp\/v2\/pages\/318","targetHints":{"allow":["GET"]}}],"collection":[{"href":"https:\/\/modeldis.es\/en\/wp-json\/wp\/v2\/pages"}],"about":[{"href":"https:\/\/modeldis.es\/en\/wp-json\/wp\/v2\/types\/page"}],"author":[{"embeddable":true,"href":"https:\/\/modeldis.es\/en\/wp-json\/wp\/v2\/users\/1"}],"replies":[{"embeddable":true,"href":"https:\/\/modeldis.es\/en\/wp-json\/wp\/v2\/comments?post=318"}],"version-history":[{"count":7,"href":"https:\/\/modeldis.es\/en\/wp-json\/wp\/v2\/pages\/318\/revisions"}],"predecessor-version":[{"id":732,"href":"https:\/\/modeldis.es\/en\/wp-json\/wp\/v2\/pages\/318\/revisions\/732"}],"wp:attachment":[{"href":"https:\/\/modeldis.es\/en\/wp-json\/wp\/v2\/media?parent=318"}],"curies":[{"name":"wp","href":"https:\/\/api.w.org\/{rel}","templated":true}]}}